{"id":7337,"date":"2024-02-09T06:24:27","date_gmt":"2024-02-09T06:24:27","guid":{"rendered":"https:\/\/www.40-factory.com\/blog\/"},"modified":"2024-05-10T12:42:53","modified_gmt":"2024-05-10T12:42:53","slug":"blog","status":"publish","type":"page","link":"https:\/\/www.40-factory.com\/de\/blog\/","title":{"rendered":"Blog"},"content":{"rendered":"\n\t<section class=\"section before-header blogs-sec\" id=\"section_1289216412\">\n\t\t<div class=\"bg section-bg fill bg-fill  \" >\n\n\t\t\t\n\t\t\t<div class=\"section-bg-overlay absolute fill\"><\/div>\n\t\t\t\n\n\t\t<\/div>\n\n\t\t\n\n\t\t<div class=\"section-content relative\">\n\t\t\t\n\n<div class=\"row row-small padding-x\"  id=\"row-1794357130\">\n\n\n\t<div id=\"col-1712189383\" class=\"col small-12 large-12\"  >\n\t\t\t\t<div class=\"col-inner text-center\"  >\n\t\t\t\n\t\t\t\n\n\n\n<form role=\"search\" method=\"get\" class=\"blog-search-form\" action=\"https:\/\/www.40-factory.com\/de\/\"><div class=\"searchbar\"><h3 class=\"sec-md-title\">Unseren Blog<\/h3><div class=\"search-box\"><input type=\"hidden\" name=\"post_type\" value=\"post\" \/><input type=\"search\" id=\"qodef-search-form-id\" class=\"input-field\" value=\"\" name=\"s\" placeholder=\"Wonach suchen Sie?\" \/><button type=\"submit\" class=\"search-btn\"><svg xmlns=\"http:\/\/www.w3.org\/2000\/svg\" xmlns:xlink=\"http:\/\/www.w3.org\/1999\/xlink\" width=\"20\" height=\"20\" viewBox=\"-1 -1 20 20\"><path d=\"M18.869 19.162l-5.943-6.484c1.339-1.401 2.075-3.233 2.075-5.178 0-2.003-0.78-3.887-2.197-5.303s-3.3-2.197-5.303-2.197-3.887 0.78-5.303 2.197-2.197 3.3-2.197 5.303 0.78 3.887 2.197 5.303 3.3 2.197 5.303 2.197c1.726 0 3.362-0.579 4.688-1.645l5.943 6.483c0.099 0.108 0.233 0.162 0.369 0.162 0.121 0 0.242-0.043 0.338-0.131 0.204-0.187 0.217-0.503 0.031-0.706zM1 7.5c0-3.584 2.916-6.5 6.5-6.5s6.5 2.916 6.5 6.5-2.916 6.5-6.5 6.5-6.5-2.916-6.5-6.5z\"><\/path><\/svg><\/button><\/div><\/div><\/form>\n\n\n\t\t<\/div>\n\t\t\t\t\t<\/div>\n\n\t\n\n<\/div>\n\n\t\t<\/div>\n\n\t\t\n<style>\n#section_1289216412 {\n  padding-top: 0px;\n  padding-bottom: 0px;\n  min-height: 400px;\n  background-color: rgb(26, 25, 25);\n}\n#section_1289216412 .section-bg-overlay {\n  background-color: rgba(8, 10, 27, 0.756);\n}\n#section_1289216412 .section-bg.bg-loaded {\n  background-image: url(https:\/\/www.40-factory.com\/wp-content\/uploads\/2022\/10\/1695132558034-1.jpg);\n}\n@media (min-width:550px) {\n  #section_1289216412 {\n    min-height: 500px;\n  }\n}\n@media (min-width:850px) {\n  #section_1289216412 {\n    min-height: 640px;\n  }\n}\n<\/style>\n\t<\/section>\n\t\n\n\t<section class=\"section blogs\" id=\"section_443132252\">\n\t\t<div class=\"bg section-bg fill bg-fill  bg-loaded\" >\n\n\t\t\t\n\t\t\t\n\t\t\t\n\n\t\t<\/div>\n\n\t\t\n\n\t\t<div class=\"section-content relative\">\n\t\t\t\n\n<div class=\"row padding-x\"  id=\"row-1588217793\">\n\n\n\t<div id=\"col-1429796911\" class=\"col small-12 large-12\"  >\n\t\t\t\t<div class=\"col-inner\"  >\n\t\t\t\n\t\t\t\n\n<div class=\"tabbed-content custom-tabs blog-listing-page\"><ul class=\"nav nav-line-bottom nav-uppercase nav-size-normal nav-left\" role=\"tablist\"><li id=\"tab-tutti\" class=\"tab has-icon active\" role=\"presentation\"><a href=\"#tab_tutti\" role=\"tab\" aria-selected='true' aria-controls=\"tab_tutti\"><span>Alle<\/span><\/a><\/li><li id=\"tab-121\" data-catid=\"121\" class=\"tab has-icon category-posts \" role=\"presentation\"><a href=\"#tab_121\" class=\"category-posts-tab\" role=\"tab\" aria-selected=\"true\" aria-controls=\"tab_121\"><span>Artikel<\/span><\/a><\/li><li id=\"tab-116\" data-catid=\"116\" class=\"tab has-icon category-posts \" role=\"presentation\"><a href=\"#tab_116\" class=\"category-posts-tab\" role=\"tab\" aria-selected=\"true\" aria-controls=\"tab_116\"><span>Video<\/span><\/a><\/li><\/ul><div class=\"tab-panels\"><div id=\"tab_tutti\" class=\"panel entry-content post-list active\" role=\"tabpanel\" aria-labelledby=\"tab-tutti\"><div class=\"post\"><div class=\"post-left-content\"><div class=\"post-image\"><img loading=\"lazy\" decoding=\"async\" width=\"430\" height=\"260\" src=\"https:\/\/www.40-factory.com\/wp-content\/uploads\/2026\/05\/com-stampa-.png\" alt=\"40Factory investiert in FruitfulAI AG zur Integration von AI Video Intelligence-Technologie in die eigene Industrial IoT &amp; AI-Plattform\" class=\"properties-img\" \/><\/div><\/div><div class=\"post-right-content\"><div class=\"post-content\"><div class=\"post-top-bar\"><\/div><h2 class=\"post-title\"><a class=\"post-link\" href=\"https:\/\/www.40-factory.com\/de\/blog\/40factory-investiert-in-fruitfulai-zur-integration-von-ai-video-intelligence-technologie\/\">40Factory investiert in FruitfulAI AG zur Integration von AI Video Intelligence-Technologie in die eigene Industrial IoT &amp; AI-Plattform<\/a><\/h2><div class=\"publish-date\"><span class=\"calender-icon\"><\/span><span>08 Mai 2026<\/span><div class=\"post-category\"><span>Artikel<\/span><\/div><\/div><p class=\"short-text\">Die Investition erweitert die F\u00e4higkeiten der 40Factory-Plattform im Bereich der intelligenten Analyse industrieller Videodaten.<\/p><\/div><\/div><\/div><div class=\"post\"><div class=\"post-left-content\"><div class=\"post-image\"><img loading=\"lazy\" decoding=\"async\" width=\"430\" height=\"260\" src=\"https:\/\/www.40-factory.com\/wp-content\/uploads\/2026\/04\/COPERTINA-C-MON-SAFE-4.png\" alt=\"Accessafe und 40Factory: C-MON-SAFE entsteht \u2013 die Software, die Safety in Maschinendaten bringt\" class=\"properties-img\" \/><\/div><\/div><div class=\"post-right-content\"><div class=\"post-content\"><div class=\"post-top-bar\"><\/div><h2 class=\"post-title\"><a class=\"post-link\" href=\"https:\/\/www.40-factory.com\/de\/blog\/accessafe-40factory-c-mon-safe-maschinensicherheit-software-daten\/\">Accessafe und 40Factory: C-MON-SAFE entsteht \u2013 die Software, die Safety in Maschinendaten bringt<\/a><\/h2><div class=\"publish-date\"><span class=\"calender-icon\"><\/span><span>16 Apr. 2026<\/span><div class=\"post-category\"><span>Artikel<\/span><\/div><\/div><p class=\"short-text\">C-MON-SAFE ist eine Software, die Maschinensicherheitsereignisse erkennt, nachverfolgt und dokumentiert und sie mit Prozessdaten verkn\u00fcpft.<\/p><\/div><\/div><\/div><div class=\"post\"><div class=\"post-left-content\"><div class=\"post-image\"><img loading=\"lazy\" decoding=\"async\" width=\"430\" height=\"260\" src=\"https:\/\/www.40-factory.com\/wp-content\/uploads\/2026\/02\/Copertine-articoli-54.png\" alt=\"Wilson.ai Agents: drei praxisnahe Anwendungsf\u00e4lle von AI-Agenten im Maschinenbau\" class=\"properties-img\" \/><\/div><\/div><div class=\"post-right-content\"><div class=\"post-content\"><div class=\"post-top-bar\"><\/div><h2 class=\"post-title\"><a class=\"post-link\" href=\"https:\/\/www.40-factory.com\/de\/blog\/wilson-ai-agents-anwendungsfaelle-maschinenbau\/\">Wilson.ai Agents: drei praxisnahe Anwendungsf\u00e4lle von AI-Agenten im Maschinenbau<\/a><\/h2><div class=\"publish-date\"><span class=\"calender-icon\"><\/span><span>03 M\u00e4rz 2026<\/span><div class=\"post-category\"><span>Artikel<\/span><\/div><\/div><p class=\"short-text\">Mit Wilson.ai Agents k\u00f6nnen Sie spezialisierte KI-Agenten konfigurieren, die jeweils darauf trainiert sind, eine spezifische Anforderung Ihrer Produktion zu erf\u00fcllen.<\/p><\/div><\/div><\/div><div class=\"post\"><div class=\"post-left-content\"><div class=\"post-image\"><img loading=\"lazy\" decoding=\"async\" width=\"430\" height=\"260\" src=\"https:\/\/www.40-factory.com\/wp-content\/uploads\/2026\/01\/Copertine-articoli-54-scaled.png\" alt=\"Industrielles Asset Sharing: Was es ist und warum es sich lohnt\" class=\"properties-img\" \/><\/div><\/div><div class=\"post-right-content\"><div class=\"post-content\"><div class=\"post-top-bar\"><\/div><h2 class=\"post-title\"><a class=\"post-link\" href=\"https:\/\/www.40-factory.com\/de\/blog\/industrielles-asset-sharing-was-es-ist-und-warum-es-sich-lohnt\/\">Industrielles Asset Sharing: Was es ist und warum es sich lohnt<\/a><\/h2><div class=\"publish-date\"><span class=\"calender-icon\"><\/span><span>20 Jan. 2026<\/span><div class=\"post-category\"><span>Artikel<\/span><\/div><\/div><p class=\"short-text\">Industrielles Asset Sharing ist ein kollaboratives Modell, das Maschinenbauer und Anwender vereint, um Maschinen, Prozesse und Services zu optimieren.<\/p><\/div><\/div><\/div><div class=\"post\"><div class=\"post-left-content\"><div class=\"post-image\"><img loading=\"lazy\" decoding=\"async\" width=\"430\" height=\"260\" src=\"https:\/\/www.40-factory.com\/wp-content\/uploads\/2025\/11\/Copertine-articoli-50.png\" alt=\"Wenn Maschinenbauer und Endanwender gemeinsam Wert schaffen: der Fall TOSA Group und 958 Santero\" class=\"properties-img\" \/><\/div><\/div><div class=\"post-right-content\"><div class=\"post-content\"><div class=\"post-top-bar\"><\/div><h2 class=\"post-title\"><a class=\"post-link\" href=\"https:\/\/www.40-factory.com\/de\/blog\/wenn-maschinenbauer-und-endanwender-gemeinsam-wert-schaffen-der-fall-tosa-group-und-958-santero\/\">Wenn Maschinenbauer und Endanwender gemeinsam Wert schaffen: der Fall TOSA Group und 958 Santero<\/a><\/h2><div class=\"publish-date\"><span class=\"calender-icon\"><\/span><span>20 Nov. 2025<\/span><div class=\"post-category\"><span>Video<\/span><\/div><\/div><p class=\"short-text\">Der Fall TOSA Group und 958 Santero zeigt, wie die Zusammenarbeit zwischen Maschinenbauer und Endanwender, unterst\u00fctzt durch IIoT und KI, Wert und kontinuierliche Verbesserung schafft.<\/p><\/div><\/div><\/div><div class=\"post\"><div class=\"post-left-content\"><div class=\"post-image\"><img loading=\"lazy\" decoding=\"async\" width=\"430\" height=\"260\" src=\"https:\/\/www.40-factory.com\/wp-content\/uploads\/2025\/11\/Copertine-articoli-49.png\" alt=\"40Factory tritt MADE \u2013 Competence Center Industrie 4.0 bei\" class=\"properties-img\" \/><\/div><\/div><div class=\"post-right-content\"><div class=\"post-content\"><div class=\"post-top-bar\"><\/div><h2 class=\"post-title\"><a class=\"post-link\" href=\"https:\/\/www.40-factory.com\/de\/blog\/40factory-tritt-made-competence-center-industrie-4-0-bei\/\">40Factory tritt MADE \u2013 Competence Center Industrie 4.0 bei<\/a><\/h2><div class=\"publish-date\"><span class=\"calender-icon\"><\/span><span>12 Nov. 2025<\/span><div class=\"post-category\"><span>Artikel<\/span><\/div><\/div><p class=\"short-text\">40Factory wird Teil des \u00d6kosystems von MADE \u2013 Competence Center Industrie 4.0, um dem Partnernetzwerk zus\u00e4tzlichen Mehrwert zu bieten und die L\u00f6sungen f\u00fcr Unternehmen auf ihrem Weg der digitalen Transformation zu erweitern.<\/p><\/div><\/div><\/div><div class=\"post\"><div class=\"post-left-content\"><div class=\"post-image\"><img loading=\"lazy\" decoding=\"async\" width=\"430\" height=\"260\" src=\"https:\/\/www.40-factory.com\/wp-content\/uploads\/2025\/10\/Copertine-articoli-47.png\" alt=\"Vom Industrial IoT zur Servitisierung: unser Weg mit 40Rocket\" class=\"properties-img\" \/><\/div><\/div><div class=\"post-right-content\"><div class=\"post-content\"><div class=\"post-top-bar\"><\/div><h2 class=\"post-title\"><a class=\"post-link\" href=\"https:\/\/www.40-factory.com\/de\/blog\/vom-industrial-iot-zur-servitisierung-unser-weg-mit-40rocket\/\">Vom Industrial IoT zur Servitisierung: unser Weg mit 40Rocket<\/a><\/h2><div class=\"publish-date\"><span class=\"calender-icon\"><\/span><span>23 Okt. 2025<\/span><div class=\"post-category\"><span>Artikel<\/span><\/div><\/div><p class=\"short-text\">Mit 40Rocket unterst\u00fctzen wir Maschinenbauer dabei, ihre Servitization-Reise zu starten, und schaffen die Grundlage f\u00fcr neue Gesch\u00e4ftsmodelle und intelligentere Dienstleistungen.<\/p><\/div><\/div><\/div><div class=\"post\"><div class=\"post-left-content\"><div class=\"post-image\"><img loading=\"lazy\" decoding=\"async\" width=\"430\" height=\"260\" src=\"https:\/\/www.40-factory.com\/wp-content\/uploads\/2025\/09\/Copertine-articoli-41.png\" alt=\"EU Data Act 2025: Was sich f\u00fcr Maschinenhersteller \u00e4ndert\" class=\"properties-img\" \/><\/div><\/div><div class=\"post-right-content\"><div class=\"post-content\"><div class=\"post-top-bar\"><\/div><h2 class=\"post-title\"><a class=\"post-link\" href=\"https:\/\/www.40-factory.com\/de\/blog\/eu-data-act-2025-was-sich-fur-maschinenhersteller-andert\/\">EU Data Act 2025: Was sich f\u00fcr Maschinenhersteller \u00e4ndert<\/a><\/h2><div class=\"publish-date\"><span class=\"calender-icon\"><\/span><span>09 Sep. 2025<\/span><div class=\"post-category\"><span>Artikel<\/span><\/div><\/div><p class=\"short-text\">F\u00fcr Maschinenbauer (OEMs) ist der Data Act eine strategische Chance, ihre Dienstleistungen zu innovieren, die Transparenz zu erh\u00f6hen und ihre Wettbewerbsposition zu st\u00e4rken.<\/p><\/div><\/div><\/div><div class=\"post\"><div class=\"post-left-content\"><div class=\"post-image\"><img loading=\"lazy\" decoding=\"async\" width=\"430\" height=\"260\" src=\"https:\/\/www.40-factory.com\/wp-content\/uploads\/2025\/01\/Copertine-articoli-35.png\" alt=\"40Factory schlie\u00dft die zweite Series-A-Investitionsrunde \u00fcber 4 Millionen Euro ab\" class=\"properties-img\" \/><\/div><\/div><div class=\"post-right-content\"><div class=\"post-content\"><div class=\"post-top-bar\"><\/div><h2 class=\"post-title\"><a class=\"post-link\" href=\"https:\/\/www.40-factory.com\/de\/blog\/40factory-schliesst-investitionsrunde-4-millionen-euro\/\">40Factory schlie\u00dft die zweite Series-A-Investitionsrunde \u00fcber 4 Millionen Euro ab<\/a><\/h2><div class=\"publish-date\"><span class=\"calender-icon\"><\/span><span>31 Jan. 2025<\/span><div class=\"post-category\"><span>Artikel<\/span><\/div><\/div><p class=\"short-text\">40Factory k\u00fcndigt den Abschluss einer Investitionsrunde an, die vollst\u00e4ndig von Gefran S.p.A., einem f\u00fchrenden Unternehmen im Bereich der industriellen Automatisierung, gezeichnet wurde.<\/p><\/div><\/div><\/div><div class=\"post\"><div class=\"post-left-content\"><div class=\"post-image\"><img loading=\"lazy\" decoding=\"async\" width=\"430\" height=\"260\" src=\"https:\/\/www.40-factory.com\/wp-content\/uploads\/2024\/08\/Copertine-articoli-8.png\" alt=\"Wie KI das Onboarding im Unternehmen optimiert\" class=\"properties-img\" \/><\/div><\/div><div class=\"post-right-content\"><div class=\"post-content\"><div class=\"post-top-bar\"><\/div><h2 class=\"post-title\"><a class=\"post-link\" href=\"https:\/\/www.40-factory.com\/de\/blog\/kuenstliche-intelligenz-optimiert-onboarding-im-unternehmen\/\">Wie KI das Onboarding im Unternehmen optimiert<\/a><\/h2><div class=\"publish-date\"><span class=\"calender-icon\"><\/span><span>14 Jan. 2025<\/span><div class=\"post-category\"><span>Artikel<\/span><\/div><\/div><p class=\"short-text\">K\u00fcnstliche Intelligenz optimiert das Onboarding und das Wissensmanagement im Unternehmen und bietet innovative L\u00f6sungen, um das organisatorische Wachstum zu beschleunigen.<\/p><\/div><\/div><\/div><div class=\"post\"><div class=\"post-left-content\"><div class=\"post-image\"><img loading=\"lazy\" decoding=\"async\" width=\"430\" height=\"260\" src=\"https:\/\/www.40-factory.com\/wp-content\/uploads\/2025\/01\/Copertine-articoli-29.png\" alt=\"40Factory erh\u00e4lt die Zertifizierungen ISO 9001 und ISO 27001\" class=\"properties-img\" \/><\/div><\/div><div class=\"post-right-content\"><div class=\"post-content\"><div class=\"post-top-bar\"><\/div><h2 class=\"post-title\"><a class=\"post-link\" href=\"https:\/\/www.40-factory.com\/de\/blog\/40factory-iso-9001-und-iso-27001-zertifizierungen\/\">40Factory erh\u00e4lt die Zertifizierungen ISO 9001 und ISO 27001<\/a><\/h2><div class=\"publish-date\"><span class=\"calender-icon\"><\/span><span>07 Jan. 2025<\/span><div class=\"post-category\"><span>Artikel<\/span><\/div><\/div><p class=\"short-text\">40Factory hat die Zertifizierungen ISO 9001 und ISO 27001 erhalten, Auszeichnungen, die das kontinuierliche Engagement des Unternehmens f\u00fcr die Qualit\u00e4t und Sicherheit seiner Produkte und Dienstleistungen belegen.<\/p><\/div><\/div><\/div><div class=\"post\"><div class=\"post-left-content\"><div class=\"post-image\"><img loading=\"lazy\" decoding=\"async\" width=\"430\" height=\"260\" src=\"https:\/\/www.40-factory.com\/wp-content\/uploads\/2024\/12\/Copertine-articoli-26.png\" alt=\"K\u00fcnstliche Intelligenz in der Fertigung: Der Bericht auf Rai 3\" class=\"properties-img\" \/><\/div><\/div><div class=\"post-right-content\"><div class=\"post-content\"><div class=\"post-top-bar\"><\/div><h2 class=\"post-title\"><a class=\"post-link\" href=\"https:\/\/www.40-factory.com\/de\/blog\/ki-manufacturing-bericht-rai3\/\">K\u00fcnstliche Intelligenz in der Fertigung: Der Bericht auf Rai 3<\/a><\/h2><div class=\"publish-date\"><span class=\"calender-icon\"><\/span><span>23 Dez. 2024<\/span><div class=\"post-category\"><span>Artikel<\/span><\/div><\/div><p class=\"short-text\">K\u00fcnstliche Intelligenz: Chance oder Bedrohung? Es kommt darauf an, wie sie eingesetzt wird: Sie zu beherrschen bedeutet, sie in einen strategischen Verb\u00fcndeten zu verwandeln.<\/p><\/div><\/div><\/div><div class=\"post\"><div class=\"post-left-content\"><div class=\"post-image\"><img loading=\"lazy\" decoding=\"async\" width=\"430\" height=\"260\" src=\"https:\/\/www.40-factory.com\/wp-content\/uploads\/2024\/12\/WhatsApp-Image-2024-11-13-at-13.42.36-2.jpeg\" alt=\"SIMEI Mailand 2024: IoT-L\u00f6sungen f\u00fcr die Weinindustrie\" class=\"properties-img\" \/><\/div><\/div><div class=\"post-right-content\"><div class=\"post-content\"><div class=\"post-top-bar\"><\/div><h2 class=\"post-title\"><a class=\"post-link\" href=\"https:\/\/www.40-factory.com\/de\/blog\/simei-2024-iot-loesungen-weinindustrie\/\">SIMEI Mailand 2024: IoT-L\u00f6sungen f\u00fcr die Weinindustrie<\/a><\/h2><div class=\"publish-date\"><span class=\"calender-icon\"><\/span><span>11 Dez. 2024<\/span><div class=\"post-category\"><span>Artikel<\/span><\/div><\/div><p class=\"short-text\">Auf der SIMEI-Messe in Mailand unterst\u00fctzte 40Factory seine Machine Builder-Kunden mit einem Beratungsdienst, der auf der effektiven Kommunikation der Vorteile und Dienstleistungen basierte, die durch Industrial-IoT-L\u00f6sungen auf der Basis der MAT- und Wilson.ai-Technologie erm\u00f6glicht werden.<\/p><\/div><\/div><\/div><div class=\"post\"><div class=\"post-left-content\"><div class=\"post-image\"><img loading=\"lazy\" decoding=\"async\" width=\"430\" height=\"260\" src=\"https:\/\/www.40-factory.com\/wp-content\/uploads\/2024\/10\/predictive-maintenance.png\" alt=\"Prediktive vs. pr\u00e4ventive Wartung: Der ultimative Leitfaden\" class=\"properties-img\" \/><\/div><\/div><div class=\"post-right-content\"><div class=\"post-content\"><div class=\"post-top-bar\"><\/div><h2 class=\"post-title\"><a class=\"post-link\" href=\"https:\/\/www.40-factory.com\/de\/blog\/prediktive-vs-praventive-wartung-der-ultimative-leitfaden\/\">Prediktive vs. pr\u00e4ventive Wartung: Der ultimative Leitfaden<\/a><\/h2><div class=\"publish-date\"><span class=\"calender-icon\"><\/span><span>24 Okt. 2024<\/span><div class=\"post-category\"><span>Artikel<\/span><\/div><\/div><p class=\"short-text\">Obwohl beide darauf abzielen, die Zuverl\u00e4ssigkeit und Lebensdauer der Anlagen zu optimieren, unterscheiden sich die pr\u00e4diktive und die pr\u00e4ventive Wartung darin, wie sie die Wartungsaktivit\u00e4ten organisieren und verwalten.<\/p><\/div><\/div><\/div><div class=\"post\"><div class=\"post-left-content\"><div class=\"post-image\"><img loading=\"lazy\" decoding=\"async\" width=\"430\" height=\"260\" src=\"https:\/\/www.40-factory.com\/wp-content\/uploads\/2024\/08\/Copertine-articoli-9.png\" alt=\"Kundenservice mit k\u00fcnstlicher Intelligenz optimieren\" class=\"properties-img\" \/><\/div><\/div><div class=\"post-right-content\"><div class=\"post-content\"><div class=\"post-top-bar\"><\/div><h2 class=\"post-title\"><a class=\"post-link\" href=\"https:\/\/www.40-factory.com\/de\/blog\/kundenservice-mit-kuenstlicher-intelligenz-optimieren\/\">Kundenservice mit k\u00fcnstlicher Intelligenz optimieren<\/a><\/h2><div class=\"publish-date\"><span class=\"calender-icon\"><\/span><span>17 Sep. 2024<\/span><div class=\"post-category\"><span>Artikel<\/span><\/div><\/div><p class=\"short-text\">Generative k\u00fcnstliche Intelligenz verbessert den Kundenservice, indem sie Antworten automatisiert, das Verst\u00e4ndnis von Anfragen verfeinert und personalisierte Unterst\u00fctzung in Echtzeit bietet.<\/p><\/div><\/div><\/div><\/div><div id=\"tab_121\" class=\"panel entry-content post-list\" role=\"tabpanel\" aria-labelledby=\"tab-121\"><\/div><div id=\"tab_116\" class=\"panel entry-content post-list\" role=\"tabpanel\" aria-labelledby=\"tab-116\"><\/div><\/div><\/div>\n\n\t\t<\/div>\n\t\t\t\t\t<\/div>\n\n\t\n\n<\/div>\n\n\t\t<\/div>\n\n\t\t\n<style>\n#section_443132252 {\n  padding-top: 50px;\n  padding-bottom: 50px;\n}\n@media (min-width:850px) {\n  #section_443132252 {\n    padding-top: 70px;\n    padding-bottom: 70px;\n  }\n}\n<\/style>\n\t<\/section>\n\t\n\n","protected":false},"excerpt":{"rendered":"","protected":false},"author":1,"featured_media":0,"parent":0,"menu_order":0,"comment_status":"closed","ping_status":"closed","template":"","meta":{"footnotes":""},"class_list":["post-7337","page","type-page","status-publish","hentry"],"acf":[],"yoast_head":"<!-- This site is optimized with the Yoast SEO plugin v27.4 - https:\/\/yoast.com\/product\/yoast-seo-wordpress\/ -->\n<title>Blog - 40FACTORY<\/title>\n<meta name=\"robots\" content=\"index, follow, max-snippet:-1, max-image-preview:large, max-video-preview:-1\" \/>\n<link rel=\"canonical\" href=\"https:\/\/www.40-factory.com\/de\/blog\/\" \/>\n<meta property=\"og:locale\" content=\"de_DE\" \/>\n<meta property=\"og:type\" content=\"article\" \/>\n<meta property=\"og:title\" content=\"Blog - 40FACTORY\" \/>\n<meta property=\"og:url\" content=\"https:\/\/www.40-factory.com\/de\/blog\/\" \/>\n<meta property=\"og:site_name\" content=\"40FACTORY\" \/>\n<meta property=\"article:modified_time\" content=\"2024-05-10T12:42:53+00:00\" \/>\n<meta name=\"twitter:card\" content=\"summary_large_image\" \/>\n<meta name=\"twitter:label1\" content=\"Gesch\u00e4tzte Lesezeit\" \/>\n\t<meta name=\"twitter:data1\" content=\"1\u00a0Minute\" \/>\n<script type=\"application\/ld+json\" class=\"yoast-schema-graph\">{\"@context\":\"https:\\\/\\\/schema.org\",\"@graph\":[{\"@type\":\"WebPage\",\"@id\":\"https:\\\/\\\/www.40-factory.com\\\/de\\\/blog\\\/\",\"url\":\"https:\\\/\\\/www.40-factory.com\\\/de\\\/blog\\\/\",\"name\":\"Blog - 40FACTORY\",\"isPartOf\":{\"@id\":\"https:\\\/\\\/www.40-factory.com\\\/#website\"},\"datePublished\":\"2024-02-09T06:24:27+00:00\",\"dateModified\":\"2024-05-10T12:42:53+00:00\",\"breadcrumb\":{\"@id\":\"https:\\\/\\\/www.40-factory.com\\\/de\\\/blog\\\/#breadcrumb\"},\"inLanguage\":\"de\",\"potentialAction\":[{\"@type\":\"ReadAction\",\"target\":[\"https:\\\/\\\/www.40-factory.com\\\/de\\\/blog\\\/\"]}]},{\"@type\":\"BreadcrumbList\",\"@id\":\"https:\\\/\\\/www.40-factory.com\\\/de\\\/blog\\\/#breadcrumb\",\"itemListElement\":[{\"@type\":\"ListItem\",\"position\":1,\"name\":\"Home\",\"item\":\"https:\\\/\\\/www.40-factory.com\\\/de\\\/\"},{\"@type\":\"ListItem\",\"position\":2,\"name\":\"Blog\"}]},{\"@type\":\"WebSite\",\"@id\":\"https:\\\/\\\/www.40-factory.com\\\/#website\",\"url\":\"https:\\\/\\\/www.40-factory.com\\\/\",\"name\":\"40FACTORY\",\"description\":\"\",\"potentialAction\":[{\"@type\":\"SearchAction\",\"target\":{\"@type\":\"EntryPoint\",\"urlTemplate\":\"https:\\\/\\\/www.40-factory.com\\\/?s={search_term_string}\"},\"query-input\":{\"@type\":\"PropertyValueSpecification\",\"valueRequired\":true,\"valueName\":\"search_term_string\"}}],\"inLanguage\":\"de\"}]}<\/script>\n<!-- \/ Yoast SEO plugin. -->","yoast_head_json":{"title":"Blog - 40FACTORY","robots":{"index":"index","follow":"follow","max-snippet":"max-snippet:-1","max-image-preview":"max-image-preview:large","max-video-preview":"max-video-preview:-1"},"canonical":"https:\/\/www.40-factory.com\/de\/blog\/","og_locale":"de_DE","og_type":"article","og_title":"Blog - 40FACTORY","og_url":"https:\/\/www.40-factory.com\/de\/blog\/","og_site_name":"40FACTORY","article_modified_time":"2024-05-10T12:42:53+00:00","twitter_card":"summary_large_image","twitter_misc":{"Gesch\u00e4tzte Lesezeit":"1\u00a0Minute"},"schema":{"@context":"https:\/\/schema.org","@graph":[{"@type":"WebPage","@id":"https:\/\/www.40-factory.com\/de\/blog\/","url":"https:\/\/www.40-factory.com\/de\/blog\/","name":"Blog - 40FACTORY","isPartOf":{"@id":"https:\/\/www.40-factory.com\/#website"},"datePublished":"2024-02-09T06:24:27+00:00","dateModified":"2024-05-10T12:42:53+00:00","breadcrumb":{"@id":"https:\/\/www.40-factory.com\/de\/blog\/#breadcrumb"},"inLanguage":"de","potentialAction":[{"@type":"ReadAction","target":["https:\/\/www.40-factory.com\/de\/blog\/"]}]},{"@type":"BreadcrumbList","@id":"https:\/\/www.40-factory.com\/de\/blog\/#breadcrumb","itemListElement":[{"@type":"ListItem","position":1,"name":"Home","item":"https:\/\/www.40-factory.com\/de\/"},{"@type":"ListItem","position":2,"name":"Blog"}]},{"@type":"WebSite","@id":"https:\/\/www.40-factory.com\/#website","url":"https:\/\/www.40-factory.com\/","name":"40FACTORY","description":"","potentialAction":[{"@type":"SearchAction","target":{"@type":"EntryPoint","urlTemplate":"https:\/\/www.40-factory.com\/?s={search_term_string}"},"query-input":{"@type":"PropertyValueSpecification","valueRequired":true,"valueName":"search_term_string"}}],"inLanguage":"de"}]}},"_links":{"self":[{"href":"https:\/\/www.40-factory.com\/de\/wp-json\/wp\/v2\/pages\/7337","targetHints":{"allow":["GET"]}}],"collection":[{"href":"https:\/\/www.40-factory.com\/de\/wp-json\/wp\/v2\/pages"}],"about":[{"href":"https:\/\/www.40-factory.com\/de\/wp-json\/wp\/v2\/types\/page"}],"author":[{"embeddable":true,"href":"https:\/\/www.40-factory.com\/de\/wp-json\/wp\/v2\/users\/1"}],"replies":[{"embeddable":true,"href":"https:\/\/www.40-factory.com\/de\/wp-json\/wp\/v2\/comments?post=7337"}],"version-history":[{"count":3,"href":"https:\/\/www.40-factory.com\/de\/wp-json\/wp\/v2\/pages\/7337\/revisions"}],"predecessor-version":[{"id":7340,"href":"https:\/\/www.40-factory.com\/de\/wp-json\/wp\/v2\/pages\/7337\/revisions\/7340"}],"wp:attachment":[{"href":"https:\/\/www.40-factory.com\/de\/wp-json\/wp\/v2\/media?parent=7337"}],"curies":[{"name":"wp","href":"https:\/\/api.w.org\/{rel}","templated":true}]}}