{"id":6619,"date":"2024-02-12T12:00:03","date_gmt":"2024-02-12T12:00:03","guid":{"rendered":"https:\/\/www.40-factory.com\/consulenza-marketing\/"},"modified":"2024-05-13T14:40:05","modified_gmt":"2024-05-13T14:40:05","slug":"marketingberatung","status":"publish","type":"page","link":"https:\/\/www.40-factory.com\/de\/marketingberatung\/","title":{"rendered":"Marketingberatung"},"content":{"rendered":"\n\t<section class=\"section\" id=\"section_2119687702\">\n\t\t<div class=\"bg section-bg fill bg-fill  \" >\n\n\t\t\t\n\t\t\t<div class=\"section-bg-overlay absolute fill\"><\/div>\n\t\t\t\n\n\t\t<\/div>\n\n\t\t\n\n\t\t<div class=\"section-content relative\">\n\t\t\t\n\n<div class=\"row container\"  id=\"row-987892204\">\n\n\n\t<div id=\"col-880312816\" class=\"col small-12 large-12\"  >\n\t\t\t\t<div class=\"col-inner\"  >\n\t\t\t\n\t\t\t\n\n\t<div id=\"text-4195722136\" class=\"text max-w-none\">\n\t\t\n\n<h3>Marketingberatung<\/h3>\n<p class=\"main-pera\">Das Angebot an digitalen Dienstleistungen und L\u00f6sungen unterscheidet sich stark vom Angebot an Maschinen und Anlagen; in einer zunehmend wettbewerbsintensiven und komplexen Welt sind Markttransparenz und eine zielgerichtete Marketingstrategie von entscheidender Bedeutung. Unsere Marketingberatung zielt darauf ab, Unternehmen dabei zu unterst\u00fctzen, den Wert von IIoT-L\u00f6sungen effektiv zu kommunizieren, indem die technische Komplexit\u00e4t in eine f\u00fcr die Zielgruppe verst\u00e4ndliche Botschaft \u00fcbersetzt wird.<\/p>\n\t\t\t<\/div>\n\t\n\n\t\t<\/div>\n\t\t\t\t\t<\/div>\n\n\t\n\n\n<style>\n#row-987892204 > .col > .col-inner {\n  padding: 30% 0px 0px 0px;\n}\n@media (min-width:850px) {\n  #row-987892204 > .col > .col-inner {\n    padding: 40% 0px 20px 0px;\n  }\n}\n<\/style>\n<\/div>\n\n\t\t<\/div>\n\n\t\t\n<style>\n#section_2119687702 {\n  padding-top: 0px;\n  padding-bottom: 0px;\n  min-height: 400px;\n}\n#section_2119687702 .section-bg-overlay {\n  background-color: rgba(8, 10, 27, 0.686);\n}\n#section_2119687702 .section-bg.bg-loaded {\n  background-image: url(https:\/\/www.40-factory.com\/wp-content\/uploads\/2024\/04\/shutterstock_1723716979.png);\n}\n@media (min-width:550px) {\n  #section_2119687702 {\n    min-height: 613px;\n  }\n}\n@media (min-width:850px) {\n  #section_2119687702 {\n    min-height: 800px;\n  }\n}\n<\/style>\n\t<\/section>\n\t\n\t<div id=\"gap-1934010472\" class=\"gap-element clearfix\" style=\"display:block; height:auto;\">\n\t\t\n<style>\n#gap-1934010472 {\n  padding-top: 50px;\n}\n<\/style>\n\t<\/div>\n\t\n\n\n\t<section class=\"section\" id=\"section_972980471\">\n\t\t<div class=\"bg section-bg fill bg-fill  bg-loaded\" >\n\n\t\t\t\n\t\t\t\n\t\t\t\n\n\t\t<\/div>\n\n\t\t\n\n\t\t<div class=\"section-content relative\">\n\t\t\t\n\n<div class=\"row container\"  id=\"row-2106567029\">\n\n\n\t<div id=\"col-1635569614\" class=\"col small-12 large-12\"  >\n\t\t\t\t<div class=\"col-inner\"  >\n\t\t\t\n\t\t\t\n\n<div class=\"accordion\">\n\n\t<div id=\"accordion-39397728\" class=\"accordion-item\">\n\t\t<a id=\"accordion-39397728-label\" class=\"accordion-title plain\" href=\"#accordion-item-erstellung-von-produktpr\u00e4sentationsmaterial\" aria-expanded=\"false\" aria-controls=\"accordion-39397728-content\" >\n\t\t\t<button class=\"toggle\" aria-label=\"Umschalten\"><i class=\"icon-angle-down\"><\/i><\/button>\n\t\t\t<span>Erstellung von Produktpr\u00e4sentationsmaterial<\/span>\n\t\t<\/a>\n\t\t<div id=\"accordion-39397728-content\" class=\"accordion-inner\" aria-labelledby=\"accordion-39397728-label\" >\n\t\t\t\n\n<p>Wir helfen Ihnen, das Material (Ppt, Pdf, Video) zu erstellen, um Ihre IIoT-L\u00f6sung intern und Ihren Kunden zu pr\u00e4sentieren.<\/p>\n\n\t\t<\/div>\n\t<\/div>\n\t\n\t<div id=\"accordion-2895873308\" class=\"accordion-item\">\n\t\t<a id=\"accordion-2895873308-label\" class=\"accordion-title plain\" href=\"#accordion-item-unterst\u00fctzung-auf-messen-oder-bei-veranstaltungen\" aria-expanded=\"false\" aria-controls=\"accordion-2895873308-content\" >\n\t\t\t<button class=\"toggle\" aria-label=\"Umschalten\"><i class=\"icon-angle-down\"><\/i><\/button>\n\t\t\t<span>Unterst\u00fctzung auf Messen oder bei Veranstaltungen<\/span>\n\t\t<\/a>\n\t\t<div id=\"accordion-2895873308-content\" class=\"accordion-inner\" aria-labelledby=\"accordion-2895873308-label\" >\n\t\t\t\n\n<p>Die Kommunikation Ihrer Industrial IoT-L\u00f6sung ist entscheidend. Deshalb unterst\u00fctzen wir Sie bei der Pr\u00e4sentation, auch durch die physische Anwesenheit eines Teammitglieds auf Ihrer Veranstaltung oder Ihrem Messestand.<\/p>\n\n\t\t<\/div>\n\t<\/div>\n\t\n\n<\/div>\n\n\t\t<\/div>\n\t\t\t\t\t<\/div>\n\n\t\n\n<\/div>\n\n\t\t<\/div>\n\n\t\t\n<style>\n#section_972980471 {\n  padding-top: 30px;\n  padding-bottom: 30px;\n}\n<\/style>\n\t<\/section>\n\t\n\n\t<section class=\"section container\" id=\"section_209838116\">\n\t\t<div class=\"bg section-bg fill bg-fill  bg-loaded\" >\n\n\t\t\t\n\t\t\t\n\t\t\t\n\n\t\t<\/div>\n\n\t\t\n\n\t\t<div class=\"section-content relative\">\n\t\t\t\n\n<div class=\"row row-full-width margin-x\"  id=\"row-798772598\">\n\n\n\t<div id=\"col-973593403\" class=\"col pb-md-none small-12 large-12\"  >\n\t\t\t\t<div class=\"col-inner\"  >\n\t\t\t\n\t\t\t\n\n\t<div id=\"text-2031475312\" class=\"text font-semibold\">\n\t\t\n\n<h5>PhotoGallery<\/h5>\n\t\t\t<\/div>\n\t\n\n\t\t<\/div>\n\t\t\t\t\t<\/div>\n\n\t\n\n<\/div>\n<div class=\"row row-full-width margin-x photo-gallary\"  id=\"row-667440916\">\n\n\n\t<div id=\"col-1424305628\" class=\"col medium-4 small-12 large-4\"  >\n\t\t\t\t<div class=\"col-inner\"  >\n\t\t\t\n\t\t\t\n\n\t<div class=\"img has-hover x md-x lg-x y md-y lg-y\" id=\"image_973778876\">\n\t\t\t\t\t\t\t\t<div class=\"img-inner dark\" >\n\t\t\t<img loading=\"lazy\" decoding=\"async\" width=\"310\" height=\"193\" src=\"https:\/\/www.40-factory.com\/wp-content\/uploads\/2024\/02\/Immagine-2.png\" class=\"attachment-original size-original\" alt=\"\" srcset=\"https:\/\/www.40-factory.com\/wp-content\/uploads\/2024\/02\/Immagine-2.png 310w, https:\/\/www.40-factory.com\/wp-content\/uploads\/2024\/02\/Immagine-2-300x187.png 300w\" sizes=\"auto, (max-width: 310px) 100vw, 310px\" \/>\t\t\t\t\t\t\n\t\t\t\t\t<\/div>\n\t\t\t\t\t\t\t\t\n<style>\n#image_973778876 {\n  width: 100%;\n}\n<\/style>\n\t<\/div>\n\t\n\n\n\t\t<\/div>\n\t\t\t\t\t<\/div>\n\n\t\n\n\t<div id=\"col-1255466131\" class=\"col medium-4 small-12 large-4\"  >\n\t\t\t\t<div class=\"col-inner\"  >\n\t\t\t\n\t\t\t\n\n\t<div class=\"img has-hover x md-x lg-x y md-y lg-y\" id=\"image_1666929787\">\n\t\t\t\t\t\t\t\t<div class=\"img-inner dark\" >\n\t\t\t<img loading=\"lazy\" decoding=\"async\" width=\"310\" height=\"193\" src=\"https:\/\/www.40-factory.com\/wp-content\/uploads\/2024\/02\/Immagine-2.png\" class=\"attachment-original size-original\" alt=\"\" srcset=\"https:\/\/www.40-factory.com\/wp-content\/uploads\/2024\/02\/Immagine-2.png 310w, https:\/\/www.40-factory.com\/wp-content\/uploads\/2024\/02\/Immagine-2-300x187.png 300w\" sizes=\"auto, (max-width: 310px) 100vw, 310px\" \/>\t\t\t\t\t\t\n\t\t\t\t\t<\/div>\n\t\t\t\t\t\t\t\t\n<style>\n#image_1666929787 {\n  width: 100%;\n}\n<\/style>\n\t<\/div>\n\t\n\n\n\t\t<\/div>\n\t\t\t\t\t<\/div>\n\n\t\n\n\t<div id=\"col-1034331001\" class=\"col medium-4 small-12 large-4\"  >\n\t\t\t\t<div class=\"col-inner\"  >\n\t\t\t\n\t\t\t\n\n\t<div class=\"img has-hover x md-x lg-x y md-y lg-y\" id=\"image_504280797\">\n\t\t\t\t\t\t\t\t<div class=\"img-inner dark\" >\n\t\t\t<img loading=\"lazy\" decoding=\"async\" width=\"310\" height=\"193\" src=\"https:\/\/www.40-factory.com\/wp-content\/uploads\/2024\/02\/Immagine-2.png\" class=\"attachment-original size-original\" alt=\"\" srcset=\"https:\/\/www.40-factory.com\/wp-content\/uploads\/2024\/02\/Immagine-2.png 310w, https:\/\/www.40-factory.com\/wp-content\/uploads\/2024\/02\/Immagine-2-300x187.png 300w\" sizes=\"auto, (max-width: 310px) 100vw, 310px\" \/>\t\t\t\t\t\t\n\t\t\t\t\t<\/div>\n\t\t\t\t\t\t\t\t\n<style>\n#image_504280797 {\n  width: 100%;\n}\n<\/style>\n\t<\/div>\n\t\n\n\n\t\t<\/div>\n\t\t\t\t\t<\/div>\n\n\t\n\n<\/div>\n\n\t\t<\/div>\n\n\t\t\n<style>\n#section_209838116 {\n  padding-top: 10px;\n  padding-bottom: 10px;\n}\n<\/style>\n\t<\/section>\n\t\n\n\t<section class=\"section get-in-touch\" id=\"section_985587432\">\n\t\t<div class=\"bg section-bg fill bg-fill  bg-loaded\" >\n\n\t\t\t\n\t\t\t\n\t\t\t\n\n\t\t<\/div>\n\n\t\t\n\n\t\t<div class=\"section-content relative\">\n\t\t\t\n\n<div class=\"row padding-x\"  id=\"row-1090099561\">\n\n\n\t<div id=\"col-672408930\" class=\"col pb-none btn-extra-space small-12 large-12\"  >\n\t\t\t\t<div class=\"col-inner text-center\"  >\n\t\t\t\n\t\t\t\n\n\t<div id=\"text-478915276\" class=\"text\">\n\t\t\n\n<h3>Sind Sie bereit f\u00fcr den Go To Market?<br \/>\n<\/h3>\n<p class=\"main-pera\">Kontaktieren Sie uns f\u00fcr weitere Informationen<\/p>\n\n\t\t\n<style>\n#text-478915276 {\n  color: rgb(255, 255, 255);\n}\n#text-478915276 > * {\n  color: rgb(255, 255, 255);\n}\n<\/style>\n\t<\/div>\n\t\n<a href=\"\/contatti\" class=\"button primary custom-btn fill-btn\"  >\n    <span>Kontaktieren Sie uns<\/span>\n  <\/a>\n\n\n\n\t\t<\/div>\n\t\t\t\t\t<\/div>\n\n\t\n\n<\/div>\n\n\t\t<\/div>\n\n\t\t\n<style>\n#section_985587432 {\n  padding-top: 0px;\n  padding-bottom: 0px;\n}\n<\/style>\n\t<\/section>\n\t\n\n","protected":false},"excerpt":{"rendered":"","protected":false},"author":1,"featured_media":0,"parent":0,"menu_order":0,"comment_status":"closed","ping_status":"closed","template":"","meta":{"footnotes":""},"class_list":["post-6619","page","type-page","status-publish","hentry"],"acf":[],"yoast_head":"<!-- This site is optimized with the Yoast SEO plugin v27.2 - https:\/\/yoast.com\/product\/yoast-seo-wordpress\/ -->\n<title>Marketingberatung - 40FACTORY<\/title>\n<meta name=\"robots\" content=\"index, follow, max-snippet:-1, max-image-preview:large, max-video-preview:-1\" \/>\n<link rel=\"canonical\" href=\"https:\/\/www.40-factory.com\/de\/marketingberatung\/\" \/>\n<meta property=\"og:locale\" content=\"de_DE\" \/>\n<meta property=\"og:type\" content=\"article\" \/>\n<meta property=\"og:title\" content=\"Marketingberatung - 40FACTORY\" \/>\n<meta property=\"og:url\" content=\"https:\/\/www.40-factory.com\/de\/marketingberatung\/\" \/>\n<meta property=\"og:site_name\" content=\"40FACTORY\" \/>\n<meta property=\"article:modified_time\" content=\"2024-05-13T14:40:05+00:00\" \/>\n<meta name=\"twitter:card\" content=\"summary_large_image\" \/>\n<meta name=\"twitter:label1\" content=\"Gesch\u00e4tzte Lesezeit\" \/>\n\t<meta name=\"twitter:data1\" content=\"3\u00a0Minuten\" \/>\n<script type=\"application\/ld+json\" class=\"yoast-schema-graph\">{\"@context\":\"https:\/\/schema.org\",\"@graph\":[{\"@type\":\"WebPage\",\"@id\":\"https:\/\/www.40-factory.com\/de\/marketingberatung\/\",\"url\":\"https:\/\/www.40-factory.com\/de\/marketingberatung\/\",\"name\":\"Marketingberatung - 40FACTORY\",\"isPartOf\":{\"@id\":\"https:\/\/www.40-factory.com\/#website\"},\"datePublished\":\"2024-02-12T12:00:03+00:00\",\"dateModified\":\"2024-05-13T14:40:05+00:00\",\"breadcrumb\":{\"@id\":\"https:\/\/www.40-factory.com\/de\/marketingberatung\/#breadcrumb\"},\"inLanguage\":\"de\",\"potentialAction\":[{\"@type\":\"ReadAction\",\"target\":[\"https:\/\/www.40-factory.com\/de\/marketingberatung\/\"]}]},{\"@type\":\"BreadcrumbList\",\"@id\":\"https:\/\/www.40-factory.com\/de\/marketingberatung\/#breadcrumb\",\"itemListElement\":[{\"@type\":\"ListItem\",\"position\":1,\"name\":\"Home\",\"item\":\"https:\/\/www.40-factory.com\/de\/\"},{\"@type\":\"ListItem\",\"position\":2,\"name\":\"Marketingberatung\"}]},{\"@type\":\"WebSite\",\"@id\":\"https:\/\/www.40-factory.com\/#website\",\"url\":\"https:\/\/www.40-factory.com\/\",\"name\":\"40FACTORY\",\"description\":\"\",\"potentialAction\":[{\"@type\":\"SearchAction\",\"target\":{\"@type\":\"EntryPoint\",\"urlTemplate\":\"https:\/\/www.40-factory.com\/?s={search_term_string}\"},\"query-input\":{\"@type\":\"PropertyValueSpecification\",\"valueRequired\":true,\"valueName\":\"search_term_string\"}}],\"inLanguage\":\"de\"}]}<\/script>\n<!-- \/ Yoast SEO plugin. -->","yoast_head_json":{"title":"Marketingberatung - 40FACTORY","robots":{"index":"index","follow":"follow","max-snippet":"max-snippet:-1","max-image-preview":"max-image-preview:large","max-video-preview":"max-video-preview:-1"},"canonical":"https:\/\/www.40-factory.com\/de\/marketingberatung\/","og_locale":"de_DE","og_type":"article","og_title":"Marketingberatung - 40FACTORY","og_url":"https:\/\/www.40-factory.com\/de\/marketingberatung\/","og_site_name":"40FACTORY","article_modified_time":"2024-05-13T14:40:05+00:00","twitter_card":"summary_large_image","twitter_misc":{"Gesch\u00e4tzte Lesezeit":"3\u00a0Minuten"},"schema":{"@context":"https:\/\/schema.org","@graph":[{"@type":"WebPage","@id":"https:\/\/www.40-factory.com\/de\/marketingberatung\/","url":"https:\/\/www.40-factory.com\/de\/marketingberatung\/","name":"Marketingberatung - 40FACTORY","isPartOf":{"@id":"https:\/\/www.40-factory.com\/#website"},"datePublished":"2024-02-12T12:00:03+00:00","dateModified":"2024-05-13T14:40:05+00:00","breadcrumb":{"@id":"https:\/\/www.40-factory.com\/de\/marketingberatung\/#breadcrumb"},"inLanguage":"de","potentialAction":[{"@type":"ReadAction","target":["https:\/\/www.40-factory.com\/de\/marketingberatung\/"]}]},{"@type":"BreadcrumbList","@id":"https:\/\/www.40-factory.com\/de\/marketingberatung\/#breadcrumb","itemListElement":[{"@type":"ListItem","position":1,"name":"Home","item":"https:\/\/www.40-factory.com\/de\/"},{"@type":"ListItem","position":2,"name":"Marketingberatung"}]},{"@type":"WebSite","@id":"https:\/\/www.40-factory.com\/#website","url":"https:\/\/www.40-factory.com\/","name":"40FACTORY","description":"","potentialAction":[{"@type":"SearchAction","target":{"@type":"EntryPoint","urlTemplate":"https:\/\/www.40-factory.com\/?s={search_term_string}"},"query-input":{"@type":"PropertyValueSpecification","valueRequired":true,"valueName":"search_term_string"}}],"inLanguage":"de"}]}},"_links":{"self":[{"href":"https:\/\/www.40-factory.com\/de\/wp-json\/wp\/v2\/pages\/6619","targetHints":{"allow":["GET"]}}],"collection":[{"href":"https:\/\/www.40-factory.com\/de\/wp-json\/wp\/v2\/pages"}],"about":[{"href":"https:\/\/www.40-factory.com\/de\/wp-json\/wp\/v2\/types\/page"}],"author":[{"embeddable":true,"href":"https:\/\/www.40-factory.com\/de\/wp-json\/wp\/v2\/users\/1"}],"replies":[{"embeddable":true,"href":"https:\/\/www.40-factory.com\/de\/wp-json\/wp\/v2\/comments?post=6619"}],"version-history":[{"count":5,"href":"https:\/\/www.40-factory.com\/de\/wp-json\/wp\/v2\/pages\/6619\/revisions"}],"predecessor-version":[{"id":7824,"href":"https:\/\/www.40-factory.com\/de\/wp-json\/wp\/v2\/pages\/6619\/revisions\/7824"}],"wp:attachment":[{"href":"https:\/\/www.40-factory.com\/de\/wp-json\/wp\/v2\/media?parent=6619"}],"curies":[{"name":"wp","href":"https:\/\/api.w.org\/{rel}","templated":true}]}}