{"id":6615,"date":"2024-02-12T12:56:11","date_gmt":"2024-02-12T12:56:11","guid":{"rendered":"https:\/\/www.40-factory.com\/consulenza-cybersecurity\/"},"modified":"2024-05-11T12:55:07","modified_gmt":"2024-05-11T12:55:07","slug":"cybersecurity-beratung","status":"publish","type":"page","link":"https:\/\/www.40-factory.com\/de\/cybersecurity-beratung\/","title":{"rendered":"Cybersecurity beratung"},"content":{"rendered":"\n\t<section class=\"section\" id=\"section_819100220\">\n\t\t<div class=\"bg section-bg fill bg-fill  \" >\n\n\t\t\t\n\t\t\t<div class=\"section-bg-overlay absolute fill\"><\/div>\n\t\t\t\n\n\t\t<\/div>\n\n\t\t\n\n\t\t<div class=\"section-content relative\">\n\t\t\t\n\n<div class=\"row container\"  id=\"row-1996213775\">\n\n\n\t<div id=\"col-834680382\" class=\"col small-12 large-12\"  >\n\t\t\t\t<div class=\"col-inner\"  >\n\t\t\t\n\t\t\t\n\n\t<div id=\"text-3462316839\" class=\"text max-w-none\">\n\t\t\n\n<h3>Cybersecurity-Beratung<\/h3>\n<p>&#8220;Die Implementierung von IIoT-L\u00f6sungen er\u00f6ffnet neue Effizienz- und Innovationsm\u00f6glichkeiten, setzt Unternehmen aber auch neuen Sicherheitsrisiken aus. Mit der Einf\u00fchrung der neuen Maschinenverordnung h\u00e4lt die Cybersicherheit Einzug in die Welt der Maschinen. Ziel unserer Cybersecurity-Beratung ist es, den Sicherheitsstatus der IIoT-L\u00f6sung sowohl auf der Cloud- als auch auf der Edge-Seite zu zertifizieren und einen Bericht zu erstellen, der mit den Endkunden verwendet werden kann.<\/p>\n\t\t\t<\/div>\n\t\n\n\t\t<\/div>\n\t\t\t\t\t<\/div>\n\n\t\n\n\n<style>\n#row-1996213775 > .col > .col-inner {\n  padding: 30% 0px 0px 0px;\n}\n@media (min-width:850px) {\n  #row-1996213775 > .col > .col-inner {\n    padding: 40% 0px 20px 0px;\n  }\n}\n<\/style>\n<\/div>\n\n\t\t<\/div>\n\n\t\t\n<style>\n#section_819100220 {\n  padding-top: 0px;\n  padding-bottom: 0px;\n  min-height: 400px;\n}\n#section_819100220 .section-bg-overlay {\n  background-color: rgba(8, 10, 27, 0.709);\n}\n#section_819100220 .section-bg.bg-loaded {\n  background-image: url(https:\/\/www.40-factory.com\/wp-content\/uploads\/2024\/04\/shutterstock_1997638481.png);\n}\n@media (min-width:550px) {\n  #section_819100220 {\n    min-height: 613px;\n  }\n}\n@media (min-width:850px) {\n  #section_819100220 {\n    min-height: 800px;\n  }\n}\n<\/style>\n\t<\/section>\n\t\n\n\t<section class=\"section\" id=\"section_2127497516\">\n\t\t<div class=\"bg section-bg fill bg-fill  bg-loaded\" >\n\n\t\t\t\n\t\t\t\n\t\t\t\n\n\t\t<\/div>\n\n\t\t\n\n\t\t<div class=\"section-content relative\">\n\t\t\t\n\n<div class=\"row container\"  id=\"row-2121732081\">\n\n\n\t<div id=\"col-335814082\" class=\"col small-12 large-12\"  >\n\t\t\t\t<div class=\"col-inner\"  >\n\t\t\t\n\t\t\t\n\n\t<div id=\"gap-326457500\" class=\"gap-element clearfix\" style=\"display:block; height:auto;\">\n\t\t\n<style>\n#gap-326457500 {\n  padding-top: 50px;\n}\n<\/style>\n\t<\/div>\n\t\n\n<h3 class=\"accordion_title\">Modus<\/h3><div class=\"accordion\">\n\n\t<div id=\"accordion-3489194223\" class=\"accordion-item\">\n\t\t<a id=\"accordion-3489194223-label\" class=\"accordion-title plain\" href=\"#accordion-item-assessment-&#038;-penetration-test\" aria-expanded=\"false\" aria-controls=\"accordion-3489194223-content\" >\n\t\t\t<button class=\"toggle\" aria-label=\"Umschalten\"><i class=\"icon-angle-down\"><\/i><\/button>\n\t\t\t<span>Assessment & Penetration Test<\/span>\n\t\t<\/a>\n\t\t<div id=\"accordion-3489194223-content\" class=\"accordion-inner\" aria-labelledby=\"accordion-3489194223-label\" >\n\t\t\t\n\n<ul class=\"service-list\">\n<li>Assessment + Penetrationstest der IIoT-Cloud-L\u00f6sung auf dem Tenant des Kunden<\/li>\n<li>\u00dcberpr\u00fcfung der Datentrennung und der damit verbundenen Berechtigungen<\/li>\n<li>Bewertung der Cloud-Ressourcenverwaltung und der damit verbundenen Risiken<\/li>\n<li>Erstellung eines Berichts mit den Zertifizierungen der Cybersicherheitsanbieter, den Testergebnissen und den identifizierten kritischen Problemen, der den Endkunden in der Angebotsphase zur Verf\u00fcgung gestellt wird<\/li>\n<\/ul>\n\n\t\t<\/div>\n\t<\/div>\n\t\n\t<div id=\"accordion-3159261138\" class=\"accordion-item\">\n\t\t<a id=\"accordion-3159261138-label\" class=\"accordion-title plain\" href=\"#accordion-item-edge-device-monitoring\" aria-expanded=\"false\" aria-controls=\"accordion-3159261138-content\" >\n\t\t\t<button class=\"toggle\" aria-label=\"Umschalten\"><i class=\"icon-angle-down\"><\/i><\/button>\n\t\t\t<span>Edge Device Monitoring<\/span>\n\t\t<\/a>\n\t\t<div id=\"accordion-3159261138-content\" class=\"accordion-inner\" aria-labelledby=\"accordion-3159261138-label\" >\n\t\t\t\n\n<ul class=\"service-list\">\n<li>Die Erstellung eines digitalen Zwillings der Edge Devices und aller Software-Komponenten<\/li>\n<li>Implementierung eines \u00dcberwachungs- und Alarmsystems im Falle der Entdeckung potenziell riskanter Sicherheitsl\u00fccken im installierten Ger\u00e4tepark<\/li>\n<li>Unterst\u00fctzung bei der Definition eines L\u00f6sungsplans<\/li>\n<\/ul>\n\n\t\t<\/div>\n\t<\/div>\n\t\n\n<\/div>\n\n\t\t<\/div>\n\t\t\t\t\t<\/div>\n\n\t\n\n<\/div>\n\n\t\t<\/div>\n\n\t\t\n<style>\n#section_2127497516 {\n  padding-top: 30px;\n  padding-bottom: 30px;\n}\n<\/style>\n\t<\/section>\n\t\n\n\n\t<section class=\"section get-in-touch\" id=\"section_865985952\">\n\t\t<div class=\"bg section-bg fill bg-fill  bg-loaded\" >\n\n\t\t\t\n\t\t\t\n\t\t\t\n\n\t\t<\/div>\n\n\t\t\n\n\t\t<div class=\"section-content relative\">\n\t\t\t\n\n<div class=\"row padding-x\"  id=\"row-1457706819\">\n\n\n\t<div id=\"col-1795084417\" class=\"col pb-none btn-extra-space small-12 large-12\"  >\n\t\t\t\t<div class=\"col-inner text-center\"  >\n\t\t\t\n\t\t\t\n\n\t<div id=\"text-1740962003\" class=\"text\">\n\t\t\n\n<h3>Stellen Sie maximale Sicherheit sicher<\/h3>\n<p class=\"main-pera\">Kontaktieren Sie uns, um weitere Informationen zu erhalten\n<\/p>\n\n\t\t\n<style>\n#text-1740962003 {\n  color: rgb(255, 255, 255);\n}\n#text-1740962003 > * {\n  color: rgb(255, 255, 255);\n}\n<\/style>\n\t<\/div>\n\t\n<a href=\"https:\/\/www.40-factory.com\/de\/kontakt\/\" class=\"button primary custom-btn fill-btn\"  >\n    <span>ContattKontaktieren Sie unsaci<\/span>\n  <\/a>\n\n\n\n\t\t<\/div>\n\t\t\t\t\t<\/div>\n\n\t\n\n<\/div>\n\n\t\t<\/div>\n\n\t\t\n<style>\n#section_865985952 {\n  padding-top: 0px;\n  padding-bottom: 0px;\n}\n<\/style>\n\t<\/section>\n\t\n\n","protected":false},"excerpt":{"rendered":"","protected":false},"author":1,"featured_media":0,"parent":0,"menu_order":0,"comment_status":"closed","ping_status":"closed","template":"","meta":{"footnotes":""},"class_list":["post-6615","page","type-page","status-publish","hentry"],"acf":[],"yoast_head":"<!-- This site is optimized with the Yoast SEO plugin v27.4 - https:\/\/yoast.com\/product\/yoast-seo-wordpress\/ -->\n<title>Cybersecurity beratung - 40FACTORY<\/title>\n<meta name=\"robots\" content=\"index, follow, max-snippet:-1, max-image-preview:large, max-video-preview:-1\" \/>\n<link rel=\"canonical\" href=\"https:\/\/www.40-factory.com\/de\/cybersecurity-beratung\/\" \/>\n<meta property=\"og:locale\" content=\"de_DE\" \/>\n<meta property=\"og:type\" content=\"article\" \/>\n<meta property=\"og:title\" content=\"Cybersecurity beratung - 40FACTORY\" \/>\n<meta property=\"og:url\" content=\"https:\/\/www.40-factory.com\/de\/cybersecurity-beratung\/\" \/>\n<meta property=\"og:site_name\" content=\"40FACTORY\" \/>\n<meta property=\"article:modified_time\" content=\"2024-05-11T12:55:07+00:00\" \/>\n<meta name=\"twitter:card\" content=\"summary_large_image\" \/>\n<meta name=\"twitter:label1\" content=\"Gesch\u00e4tzte Lesezeit\" \/>\n\t<meta name=\"twitter:data1\" content=\"3\u00a0Minuten\" \/>\n<script type=\"application\/ld+json\" class=\"yoast-schema-graph\">{\"@context\":\"https:\\\/\\\/schema.org\",\"@graph\":[{\"@type\":\"WebPage\",\"@id\":\"https:\\\/\\\/www.40-factory.com\\\/de\\\/cybersecurity-beratung\\\/\",\"url\":\"https:\\\/\\\/www.40-factory.com\\\/de\\\/cybersecurity-beratung\\\/\",\"name\":\"Cybersecurity beratung - 40FACTORY\",\"isPartOf\":{\"@id\":\"https:\\\/\\\/www.40-factory.com\\\/#website\"},\"datePublished\":\"2024-02-12T12:56:11+00:00\",\"dateModified\":\"2024-05-11T12:55:07+00:00\",\"breadcrumb\":{\"@id\":\"https:\\\/\\\/www.40-factory.com\\\/de\\\/cybersecurity-beratung\\\/#breadcrumb\"},\"inLanguage\":\"de\",\"potentialAction\":[{\"@type\":\"ReadAction\",\"target\":[\"https:\\\/\\\/www.40-factory.com\\\/de\\\/cybersecurity-beratung\\\/\"]}]},{\"@type\":\"BreadcrumbList\",\"@id\":\"https:\\\/\\\/www.40-factory.com\\\/de\\\/cybersecurity-beratung\\\/#breadcrumb\",\"itemListElement\":[{\"@type\":\"ListItem\",\"position\":1,\"name\":\"Home\",\"item\":\"https:\\\/\\\/www.40-factory.com\\\/de\\\/\"},{\"@type\":\"ListItem\",\"position\":2,\"name\":\"Cybersecurity beratung\"}]},{\"@type\":\"WebSite\",\"@id\":\"https:\\\/\\\/www.40-factory.com\\\/#website\",\"url\":\"https:\\\/\\\/www.40-factory.com\\\/\",\"name\":\"40FACTORY\",\"description\":\"\",\"potentialAction\":[{\"@type\":\"SearchAction\",\"target\":{\"@type\":\"EntryPoint\",\"urlTemplate\":\"https:\\\/\\\/www.40-factory.com\\\/?s={search_term_string}\"},\"query-input\":{\"@type\":\"PropertyValueSpecification\",\"valueRequired\":true,\"valueName\":\"search_term_string\"}}],\"inLanguage\":\"de\"}]}<\/script>\n<!-- \/ Yoast SEO plugin. -->","yoast_head_json":{"title":"Cybersecurity beratung - 40FACTORY","robots":{"index":"index","follow":"follow","max-snippet":"max-snippet:-1","max-image-preview":"max-image-preview:large","max-video-preview":"max-video-preview:-1"},"canonical":"https:\/\/www.40-factory.com\/de\/cybersecurity-beratung\/","og_locale":"de_DE","og_type":"article","og_title":"Cybersecurity beratung - 40FACTORY","og_url":"https:\/\/www.40-factory.com\/de\/cybersecurity-beratung\/","og_site_name":"40FACTORY","article_modified_time":"2024-05-11T12:55:07+00:00","twitter_card":"summary_large_image","twitter_misc":{"Gesch\u00e4tzte Lesezeit":"3\u00a0Minuten"},"schema":{"@context":"https:\/\/schema.org","@graph":[{"@type":"WebPage","@id":"https:\/\/www.40-factory.com\/de\/cybersecurity-beratung\/","url":"https:\/\/www.40-factory.com\/de\/cybersecurity-beratung\/","name":"Cybersecurity beratung - 40FACTORY","isPartOf":{"@id":"https:\/\/www.40-factory.com\/#website"},"datePublished":"2024-02-12T12:56:11+00:00","dateModified":"2024-05-11T12:55:07+00:00","breadcrumb":{"@id":"https:\/\/www.40-factory.com\/de\/cybersecurity-beratung\/#breadcrumb"},"inLanguage":"de","potentialAction":[{"@type":"ReadAction","target":["https:\/\/www.40-factory.com\/de\/cybersecurity-beratung\/"]}]},{"@type":"BreadcrumbList","@id":"https:\/\/www.40-factory.com\/de\/cybersecurity-beratung\/#breadcrumb","itemListElement":[{"@type":"ListItem","position":1,"name":"Home","item":"https:\/\/www.40-factory.com\/de\/"},{"@type":"ListItem","position":2,"name":"Cybersecurity beratung"}]},{"@type":"WebSite","@id":"https:\/\/www.40-factory.com\/#website","url":"https:\/\/www.40-factory.com\/","name":"40FACTORY","description":"","potentialAction":[{"@type":"SearchAction","target":{"@type":"EntryPoint","urlTemplate":"https:\/\/www.40-factory.com\/?s={search_term_string}"},"query-input":{"@type":"PropertyValueSpecification","valueRequired":true,"valueName":"search_term_string"}}],"inLanguage":"de"}]}},"_links":{"self":[{"href":"https:\/\/www.40-factory.com\/de\/wp-json\/wp\/v2\/pages\/6615","targetHints":{"allow":["GET"]}}],"collection":[{"href":"https:\/\/www.40-factory.com\/de\/wp-json\/wp\/v2\/pages"}],"about":[{"href":"https:\/\/www.40-factory.com\/de\/wp-json\/wp\/v2\/types\/page"}],"author":[{"embeddable":true,"href":"https:\/\/www.40-factory.com\/de\/wp-json\/wp\/v2\/users\/1"}],"replies":[{"embeddable":true,"href":"https:\/\/www.40-factory.com\/de\/wp-json\/wp\/v2\/comments?post=6615"}],"version-history":[{"count":7,"href":"https:\/\/www.40-factory.com\/de\/wp-json\/wp\/v2\/pages\/6615\/revisions"}],"predecessor-version":[{"id":7679,"href":"https:\/\/www.40-factory.com\/de\/wp-json\/wp\/v2\/pages\/6615\/revisions\/7679"}],"wp:attachment":[{"href":"https:\/\/www.40-factory.com\/de\/wp-json\/wp\/v2\/media?parent=6615"}],"curies":[{"name":"wp","href":"https:\/\/api.w.org\/{rel}","templated":true}]}}