{"id":6607,"date":"2024-02-12T12:21:44","date_gmt":"2024-02-12T12:21:44","guid":{"rendered":"https:\/\/www.40-factory.com\/consulenza-legale\/"},"modified":"2024-05-11T12:55:16","modified_gmt":"2024-05-11T12:55:16","slug":"rechtliche-beratung","status":"publish","type":"page","link":"https:\/\/www.40-factory.com\/de\/rechtliche-beratung\/","title":{"rendered":"Rechtliche beratung"},"content":{"rendered":"\n\t<section class=\"section\" id=\"section_1184810170\">\n\t\t<div class=\"bg section-bg fill bg-fill  \" >\n\n\t\t\t\n\t\t\t<div class=\"section-bg-overlay absolute fill\"><\/div>\n\t\t\t\n\n\t\t<\/div>\n\n\t\t\n\n\t\t<div class=\"section-content relative\">\n\t\t\t\n\n<div class=\"row container\"  id=\"row-1733991160\">\n\n\n\t<div id=\"col-1467584152\" class=\"col small-12 large-12\"  >\n\t\t\t\t<div class=\"col-inner\"  >\n\t\t\t\n\t\t\t\n\n\t<div id=\"text-4292106981\" class=\"text max-w-none\">\n\t\t\n\n<h3>Rechtliche Beratung<\/h3>\n<p class=\"main-pera\">Es ist sehr riskant, verbundene Verm\u00f6genswerte anzubieten, ohne alle damit verbundenen rechtlichen Aspekte sorgf\u00e4ltig zu handhaben. Die Anpassung dieser Aspekte wird zu einem wesentlichen Bestandteil, um einen reibungslosen \u00dcbergang zur Servitization zu gew\u00e4hrleisten. In diesem Zusammenhang soll unsere Beratung durch eine spezialisierte Anwaltskanzlei eine zuverl\u00e4ssige Orientierungshilfe bieten, indem sie Ihnen hilft, neue Vereinbarungen zu definieren, die nicht nur sch\u00fctzen, sondern auch einen erfolgreichen \u00dcbergang zur Bereitstellung neuer digitaler Dienste erleichtern.<\/p>\n\t\t\t<\/div>\n\t\n\n\t\t<\/div>\n\t\t\t\t\t<\/div>\n\n\t\n\n\n<style>\n#row-1733991160 > .col > .col-inner {\n  padding: 30% 0px 0px 0px;\n}\n@media (min-width:850px) {\n  #row-1733991160 > .col > .col-inner {\n    padding: 40% 0px 20px 0px;\n  }\n}\n<\/style>\n<\/div>\n\n\t\t<\/div>\n\n\t\t\n<style>\n#section_1184810170 {\n  padding-top: 0px;\n  padding-bottom: 0px;\n  min-height: 400px;\n}\n#section_1184810170 .section-bg-overlay {\n  background-color: rgba(8, 10, 27, 0.733);\n}\n#section_1184810170 .section-bg.bg-loaded {\n  background-image: url(https:\/\/www.40-factory.com\/wp-content\/uploads\/2024\/04\/shutterstock_321052220.png);\n}\n@media (min-width:550px) {\n  #section_1184810170 {\n    min-height: 613px;\n  }\n}\n@media (min-width:850px) {\n  #section_1184810170 {\n    min-height: 800px;\n  }\n}\n<\/style>\n\t<\/section>\n\t\n\t<div id=\"gap-1839559189\" class=\"gap-element clearfix\" style=\"display:block; height:auto;\">\n\t\t\n<style>\n#gap-1839559189 {\n  padding-top: 50px;\n}\n<\/style>\n\t<\/div>\n\t\n\n\n\t<section class=\"section\" id=\"section_447538462\">\n\t\t<div class=\"bg section-bg fill bg-fill  bg-loaded\" >\n\n\t\t\t\n\t\t\t\n\t\t\t\n\n\t\t<\/div>\n\n\t\t\n\n\t\t<div class=\"section-content relative\">\n\t\t\t\n\n<div class=\"row container\"  id=\"row-1616327646\">\n\n\n\t<div id=\"col-1431216292\" class=\"col small-12 large-12\"  >\n\t\t\t\t<div class=\"col-inner\"  >\n\t\t\t\n\t\t\t\n\n<h5 class=\"mb-10\">Wie funktioniert das<\/h5>\n\n\t\t<\/div>\n\t\t\t\t\t<\/div>\n\n\t\n\n<\/div>\n<div class=\"row container max-w-none\"  id=\"row-467660057\">\n\n\n\t<div id=\"col-1733757794\" class=\"col small-12 large-12\"  >\n\t\t\t\t<div class=\"col-inner\"  >\n\t\t\t\n\t\t\t\n\n\t<div id=\"text-4227517986\" class=\"text main-pera font-regular\">\n\t\t\n\n<p class=\"main-pera\">Die Vertragsdefinitionsphase beginnt mit einem Basismodell, das auf der Grundlage unserer Erfahrung und der Erfahrung unserer Kunden von einem spezialisierten Rechtspartner erstellt wird.<\/p>\n<p class=\"main-pera\">Der Vertrag besteht aus:<\/p>\n<ul class=\"main-pera\">\n<li>24 grundlegenden Artikeln, unterteilt in Abschnitte<\/li>\n<li>Anhang 1, Beschreibung der Software und der angebotenen Dienste<\/li>\n<li>Anhang 2, Geb\u00fchren<\/li>\n<\/ul>\n<p class=\"main-pera\">Der Vertrag regelt Dateneigentum, Cybersicherheit, Verantwortlichkeiten, Infrastruktur und Servicebedingungen &#8211; grundlegende Aspekte, die unabh\u00e4ngig von der Preisgestaltung und dem Liefermodus der IIoT-L\u00f6sung sind.<\/p>\n\t\t\t<\/div>\n\t\n\n\t\t<\/div>\n\t\t\t\t\t<\/div>\n\n\t\n\n<\/div>\n\n\n\t\t<\/div>\n\n\t\t\n<style>\n#section_447538462 {\n  padding-top: 30px;\n  padding-bottom: 30px;\n}\n<\/style>\n\t<\/section>\n\t\n\n\n\t<section class=\"section get-in-touch\" id=\"section_1718237864\">\n\t\t<div class=\"bg section-bg fill bg-fill  bg-loaded\" >\n\n\t\t\t\n\t\t\t\n\t\t\t\n\n\t\t<\/div>\n\n\t\t\n\n\t\t<div class=\"section-content relative\">\n\t\t\t\n\n<div class=\"row padding-x\"  id=\"row-329993014\">\n\n\n\t<div id=\"col-1550116069\" class=\"col pb-none btn-extra-space small-12 large-12\"  >\n\t\t\t\t<div class=\"col-inner text-center\"  >\n\t\t\t\n\t\t\t\n\n\t<div id=\"text-4004760707\" class=\"text\">\n\t\t\n\n<h3>Sie Ihre Rahmenvereinbarung<\/h3>\n<p class=\"main-pera\">Kontaktieren Sie uns, um weitere Informationen zu erhalten\n<\/p>\n\n\t\t\n<style>\n#text-4004760707 {\n  color: rgb(255, 255, 255);\n}\n#text-4004760707 > * {\n  color: rgb(255, 255, 255);\n}\n<\/style>\n\t<\/div>\n\t\n<a href=\"https:\/\/www.40-factory.com\/de\/kontakt\/\" class=\"button primary custom-btn fill-btn\"  >\n    <span>Kontaktieren Sie uns<\/span>\n  <\/a>\n\n\n\n\t\t<\/div>\n\t\t\t\t\t<\/div>\n\n\t\n\n<\/div>\n\n\t\t<\/div>\n\n\t\t\n<style>\n#section_1718237864 {\n  padding-top: 0px;\n  padding-bottom: 0px;\n}\n<\/style>\n\t<\/section>\n\t\n\n","protected":false},"excerpt":{"rendered":"","protected":false},"author":1,"featured_media":0,"parent":0,"menu_order":0,"comment_status":"closed","ping_status":"closed","template":"","meta":{"footnotes":""},"class_list":["post-6607","page","type-page","status-publish","hentry"],"acf":[],"yoast_head":"<!-- This site is optimized with the Yoast SEO plugin v27.2 - https:\/\/yoast.com\/product\/yoast-seo-wordpress\/ -->\n<title>Rechtliche beratung - 40FACTORY<\/title>\n<meta name=\"robots\" content=\"index, follow, max-snippet:-1, max-image-preview:large, max-video-preview:-1\" \/>\n<link rel=\"canonical\" href=\"https:\/\/www.40-factory.com\/de\/rechtliche-beratung\/\" \/>\n<meta property=\"og:locale\" content=\"de_DE\" \/>\n<meta property=\"og:type\" content=\"article\" \/>\n<meta property=\"og:title\" content=\"Rechtliche beratung - 40FACTORY\" \/>\n<meta property=\"og:url\" content=\"https:\/\/www.40-factory.com\/de\/rechtliche-beratung\/\" \/>\n<meta property=\"og:site_name\" content=\"40FACTORY\" \/>\n<meta property=\"article:modified_time\" content=\"2024-05-11T12:55:16+00:00\" \/>\n<meta name=\"twitter:card\" content=\"summary_large_image\" \/>\n<meta name=\"twitter:label1\" content=\"Gesch\u00e4tzte Lesezeit\" \/>\n\t<meta name=\"twitter:data1\" content=\"3\u00a0Minuten\" \/>\n<script type=\"application\/ld+json\" class=\"yoast-schema-graph\">{\"@context\":\"https:\/\/schema.org\",\"@graph\":[{\"@type\":\"WebPage\",\"@id\":\"https:\/\/www.40-factory.com\/de\/rechtliche-beratung\/\",\"url\":\"https:\/\/www.40-factory.com\/de\/rechtliche-beratung\/\",\"name\":\"Rechtliche beratung - 40FACTORY\",\"isPartOf\":{\"@id\":\"https:\/\/www.40-factory.com\/#website\"},\"datePublished\":\"2024-02-12T12:21:44+00:00\",\"dateModified\":\"2024-05-11T12:55:16+00:00\",\"breadcrumb\":{\"@id\":\"https:\/\/www.40-factory.com\/de\/rechtliche-beratung\/#breadcrumb\"},\"inLanguage\":\"de\",\"potentialAction\":[{\"@type\":\"ReadAction\",\"target\":[\"https:\/\/www.40-factory.com\/de\/rechtliche-beratung\/\"]}]},{\"@type\":\"BreadcrumbList\",\"@id\":\"https:\/\/www.40-factory.com\/de\/rechtliche-beratung\/#breadcrumb\",\"itemListElement\":[{\"@type\":\"ListItem\",\"position\":1,\"name\":\"Home\",\"item\":\"https:\/\/www.40-factory.com\/de\/\"},{\"@type\":\"ListItem\",\"position\":2,\"name\":\"Rechtliche beratung\"}]},{\"@type\":\"WebSite\",\"@id\":\"https:\/\/www.40-factory.com\/#website\",\"url\":\"https:\/\/www.40-factory.com\/\",\"name\":\"40FACTORY\",\"description\":\"\",\"potentialAction\":[{\"@type\":\"SearchAction\",\"target\":{\"@type\":\"EntryPoint\",\"urlTemplate\":\"https:\/\/www.40-factory.com\/?s={search_term_string}\"},\"query-input\":{\"@type\":\"PropertyValueSpecification\",\"valueRequired\":true,\"valueName\":\"search_term_string\"}}],\"inLanguage\":\"de\"}]}<\/script>\n<!-- \/ Yoast SEO plugin. -->","yoast_head_json":{"title":"Rechtliche beratung - 40FACTORY","robots":{"index":"index","follow":"follow","max-snippet":"max-snippet:-1","max-image-preview":"max-image-preview:large","max-video-preview":"max-video-preview:-1"},"canonical":"https:\/\/www.40-factory.com\/de\/rechtliche-beratung\/","og_locale":"de_DE","og_type":"article","og_title":"Rechtliche beratung - 40FACTORY","og_url":"https:\/\/www.40-factory.com\/de\/rechtliche-beratung\/","og_site_name":"40FACTORY","article_modified_time":"2024-05-11T12:55:16+00:00","twitter_card":"summary_large_image","twitter_misc":{"Gesch\u00e4tzte Lesezeit":"3\u00a0Minuten"},"schema":{"@context":"https:\/\/schema.org","@graph":[{"@type":"WebPage","@id":"https:\/\/www.40-factory.com\/de\/rechtliche-beratung\/","url":"https:\/\/www.40-factory.com\/de\/rechtliche-beratung\/","name":"Rechtliche beratung - 40FACTORY","isPartOf":{"@id":"https:\/\/www.40-factory.com\/#website"},"datePublished":"2024-02-12T12:21:44+00:00","dateModified":"2024-05-11T12:55:16+00:00","breadcrumb":{"@id":"https:\/\/www.40-factory.com\/de\/rechtliche-beratung\/#breadcrumb"},"inLanguage":"de","potentialAction":[{"@type":"ReadAction","target":["https:\/\/www.40-factory.com\/de\/rechtliche-beratung\/"]}]},{"@type":"BreadcrumbList","@id":"https:\/\/www.40-factory.com\/de\/rechtliche-beratung\/#breadcrumb","itemListElement":[{"@type":"ListItem","position":1,"name":"Home","item":"https:\/\/www.40-factory.com\/de\/"},{"@type":"ListItem","position":2,"name":"Rechtliche beratung"}]},{"@type":"WebSite","@id":"https:\/\/www.40-factory.com\/#website","url":"https:\/\/www.40-factory.com\/","name":"40FACTORY","description":"","potentialAction":[{"@type":"SearchAction","target":{"@type":"EntryPoint","urlTemplate":"https:\/\/www.40-factory.com\/?s={search_term_string}"},"query-input":{"@type":"PropertyValueSpecification","valueRequired":true,"valueName":"search_term_string"}}],"inLanguage":"de"}]}},"_links":{"self":[{"href":"https:\/\/www.40-factory.com\/de\/wp-json\/wp\/v2\/pages\/6607","targetHints":{"allow":["GET"]}}],"collection":[{"href":"https:\/\/www.40-factory.com\/de\/wp-json\/wp\/v2\/pages"}],"about":[{"href":"https:\/\/www.40-factory.com\/de\/wp-json\/wp\/v2\/types\/page"}],"author":[{"embeddable":true,"href":"https:\/\/www.40-factory.com\/de\/wp-json\/wp\/v2\/users\/1"}],"replies":[{"embeddable":true,"href":"https:\/\/www.40-factory.com\/de\/wp-json\/wp\/v2\/comments?post=6607"}],"version-history":[{"count":7,"href":"https:\/\/www.40-factory.com\/de\/wp-json\/wp\/v2\/pages\/6607\/revisions"}],"predecessor-version":[{"id":7680,"href":"https:\/\/www.40-factory.com\/de\/wp-json\/wp\/v2\/pages\/6607\/revisions\/7680"}],"wp:attachment":[{"href":"https:\/\/www.40-factory.com\/de\/wp-json\/wp\/v2\/media?parent=6607"}],"curies":[{"name":"wp","href":"https:\/\/api.w.org\/{rel}","templated":true}]}}