{"id":6571,"date":"2024-02-05T06:35:23","date_gmt":"2024-02-05T06:35:23","guid":{"rendered":"https:\/\/www.40-factory.com\/lavora-con-noi\/"},"modified":"2024-05-11T13:01:05","modified_gmt":"2024-05-11T13:01:05","slug":"arbeiten-sie-mit-uns","status":"publish","type":"page","link":"https:\/\/www.40-factory.com\/de\/arbeiten-sie-mit-uns\/","title":{"rendered":"Arbeiten Sie mit uns"},"content":{"rendered":"\n\t<section class=\"section work-with-us-sec\" id=\"section_1367510400\">\n\t\t<div class=\"bg section-bg fill bg-fill  bg-loaded\" >\n\n\t\t\t\n\t\t\t\n\t\t\t\n\n\t\t<\/div>\n\n\t\t\n\n\t\t<div class=\"section-content relative\">\n\t\t\t\n\n\n  <div class=\"banner has-hover\" id=\"banner-375675739\">\n          <div class=\"banner-inner fill\">\n        <div class=\"banner-bg fill\" >\n            <div class=\"bg fill bg-fill \"><\/div>\n                        <div class=\"overlay\"><\/div>            \n                    <\/div>\n\t\t\n        <div class=\"banner-layers container\">\n            <div class=\"fill banner-link\"><\/div>            \n\n   <div id=\"text-box-846115865\" class=\"text-box banner-layer x50 md-x50 lg-x50 y55 md-y55 lg-y55 res-text\">\n                                <div class=\"text-box-content text dark\">\n              \n              <div class=\"text-inner text-center\">\n                  \n\n<h1 class=\"wwu-title-text\">Treten Sie unserem Team bei.<\/h1>\n\n              <\/div>\n           <\/div>\n                            \n<style>\n#text-box-846115865 {\n  width: 100%;\n}\n#text-box-846115865 .text-box-content {\n  font-size: 100%;\n}\n@media (min-width:850px) {\n  #text-box-846115865 {\n    width: 100%;\n  }\n}\n<\/style>\n    <\/div>\n \n\n        <\/div>\n      <\/div>\n\n            \n<style>\n#banner-375675739 {\n  padding-top: 400px;\n}\n#banner-375675739 .bg.bg-loaded {\n  background-image: url(https:\/\/www.40-factory.com\/wp-content\/uploads\/2024\/04\/488A9089-scaled.jpg);\n}\n#banner-375675739 .overlay {\n  background-color: rgba(8, 10, 27, 0.523);\n}\n#banner-375675739 .bg {\n  background-position: 29% 38%;\n}\n@media (min-width:550px) {\n  #banner-375675739 {\n    padding-top: 500px;\n  }\n}\n@media (min-width:850px) {\n  #banner-375675739 {\n    padding-top: 640px;\n  }\n}\n<\/style>\n  <\/div>\n\n\n\n\t\t<\/div>\n\n\t\t\n<style>\n#section_1367510400 {\n  padding-top: 0px;\n  padding-bottom: 0px;\n}\n@media (min-width:550px) {\n  #section_1367510400 {\n    padding-top: 0px;\n    padding-bottom: 0px;\n  }\n}\n@media (min-width:850px) {\n  #section_1367510400 {\n    padding-top: 0px;\n    padding-bottom: 0px;\n  }\n}\n<\/style>\n\t<\/section>\n\t\n\t<section class=\"section container\" id=\"section_484442891\">\n\t\t<div class=\"bg section-bg fill bg-fill  bg-loaded\" >\n\n\t\t\t\n\t\t\t\n\t\t\t\n\n\t\t<\/div>\n\n\t\t\n\n\t\t<div class=\"section-content relative\">\n\t\t\t\n\n<div class=\"row row-full-width align-center margin-x\"  id=\"row-402487361\">\n\n\n\t<div id=\"col-694567827\" class=\"col small-12 large-12\"  >\n\t\t\t\t<div class=\"col-inner text-center\"  >\n\t\t\t\n\t\t\t\n\n\t<div id=\"text-262756253\" class=\"text main-pera\">\n\t\t\n\n<p>Derzeit suchen wir keine neuen Talente, aber Sie k\u00f6nnen gerne eine Initiativbewerbung einreichen.<\/p>\n\t\t\t<\/div>\n\t\n\n\t\t<\/div>\n\t\t\t\t\n<style>\n#col-694567827 > .col-inner {\n  padding: 40px 0px 10px 0px;\n}\n@media (min-width:550px) {\n  #col-694567827 > .col-inner {\n    padding: 80px 0px 40px 0px;\n  }\n}\n@media (min-width:850px) {\n  #col-694567827 > .col-inner {\n    padding: 120px 0px 80px 0px;\n  }\n}\n<\/style>\n\t<\/div>\n\n\t\n\n<\/div>\n\n\t\t<\/div>\n\n\t\t\n<style>\n#section_484442891 {\n  padding-top: 0px;\n  padding-bottom: 0px;\n}\n<\/style>\n\t<\/section>\n\t\n\n\t<section class=\"section container job-application-form\" id=\"section_1658658976\">\n\t\t<div class=\"bg section-bg fill bg-fill  bg-loaded\" >\n\n\t\t\t\n\t\t\t\n\t\t\t\n\n\t\t<\/div>\n\n\t\t\n\n\t\t<div class=\"section-content relative\">\n\t\t\t\n\n<div class=\"row row-full-width margin-x\"  id=\"row-655020173\">\n\n\n\t<div id=\"col-1983500681\" class=\"col small-12 large-12\"  >\n\t\t\t\t<div class=\"col-inner text-center\"  >\n\t\t\t\n\t\t\t\n\n<h5>Initiativbewerbung<\/h5>\n\n\t\t<\/div>\n\t\t\t\t\t<\/div>\n\n\t\n\n\t<div id=\"col-211474464\" class=\"col small-12 large-12\"  >\n\t\t\t\t<div class=\"col-inner\"  >\n\t\t\t\n\t\t\t\n\n<script type=\"text\/javascript\">var gform;gform||(document.addEventListener(\"gform_main_scripts_loaded\",function(){gform.scriptsLoaded=!0}),window.addEventListener(\"DOMContentLoaded\",function(){gform.domLoaded=!0}),gform={domLoaded:!1,scriptsLoaded:!1,initializeOnLoaded:function(o){gform.domLoaded&&gform.scriptsLoaded?o():!gform.domLoaded&&gform.scriptsLoaded?window.addEventListener(\"DOMContentLoaded\",o):document.addEventListener(\"gform_main_scripts_loaded\",o)},hooks:{action:{},filter:{}},addAction:function(o,n,r,t){gform.addHook(\"action\",o,n,r,t)},addFilter:function(o,n,r,t){gform.addHook(\"filter\",o,n,r,t)},doAction:function(o){gform.doHook(\"action\",o,arguments)},applyFilters:function(o){return gform.doHook(\"filter\",o,arguments)},removeAction:function(o,n){gform.removeHook(\"action\",o,n)},removeFilter:function(o,n,r){gform.removeHook(\"filter\",o,n,r)},addHook:function(o,n,r,t,i){null==gform.hooks[o][n]&&(gform.hooks[o][n]=[]);var e=gform.hooks[o][n];null==i&&(i=n+\"_\"+e.length),gform.hooks[o][n].push({tag:i,callable:r,priority:t=null==t?10:t})},doHook:function(n,o,r){var t;if(r=Array.prototype.slice.call(r,1),null!=gform.hooks[n][o]&&((o=gform.hooks[n][o]).sort(function(o,n){return o.priority-n.priority}),o.forEach(function(o){\"function\"!=typeof(t=o.callable)&&(t=window[t]),\"action\"==n?t.apply(null,r):r[0]=t.apply(null,r)})),\"filter\"==n)return r[0]},removeHook:function(o,n,t,i){var r;null!=gform.hooks[o][n]&&(r=(r=gform.hooks[o][n]).filter(function(o,n,r){return!!(null!=i&&i!=o.tag||null!=t&&t!=o.priority)}),gform.hooks[o][n]=r)}});<\/script>\n                <div class='gf_browser_gecko gform_wrapper gravity-theme gform-theme--no-framework apply-for-job-form_wrapper' data-form-theme='gravity-theme' data-form-index='0' id='gform_wrapper_4' >\n                        <div class='gform_heading'>\n                            <p class='gform_description'><\/p>\n                        <\/div><form method='post' enctype='multipart\/form-data'  id='gform_4' class='apply-for-job-form' action='\/de\/wp-json\/wp\/v2\/pages\/6571' data-formid='4' novalidate>\n                        <div class='gform-body gform_body'><div id='gform_fields_4' class='gform_fields top_label form_sublabel_below description_below'><div id=\"field_4_1\"  class=\"gfield gfield--type-select input-form-fieldset gfield_contains_required field_sublabel_below gfield--no-description field_description_below gfield_visibility_visible\"  data-js-reload=\"field_4_1\"><label class='gfield_label gform-field-label' for='input_4_1' >Interessengebiet<span class=\"gfield_required\"><span class=\"gfield_required gfield_required_text\">(erforderlich)<\/span><\/span><\/label><div class='ginput_container ginput_container_select'><select name='input_1' id='input_4_1' class='large gfield_select'    aria-required=\"true\" aria-invalid=\"false\" ><option value='' selected='selected' class='gf_placeholder'>-------w\u00e4hlen Sie<\/option><option value='Marketing' >Marketing<\/option><option value='Kommerziell' >Kommerziell<\/option><option value='Softwareentwicklung' >Softwareentwicklung<\/option><option value='Verwaltung und Buchhaltung\n\n' >Verwaltung und Buchhaltung<\/option><\/select><\/div><\/div><div id=\"field_4_2\"  class=\"gfield gfield--type-text gfield--width-full input-form-fieldset gfield_contains_required field_sublabel_below gfield--no-description field_description_below gfield_visibility_visible\"  data-js-reload=\"field_4_2\"><label class='gfield_label gform-field-label' for='input_4_2' >Vor- und Nachname*<span class=\"gfield_required\"><span class=\"gfield_required gfield_required_text\">(erforderlich)<\/span><\/span><\/label><div class='ginput_container ginput_container_text'><input name='input_2' id='input_4_2' type='text' value='' class='large'    placeholder='Vor- und Nachname' aria-required=\"true\" aria-invalid=\"false\"   \/> <\/div><\/div><div id=\"field_4_3\"  class=\"gfield gfield--type-text input-form-fieldset gfield_contains_required field_sublabel_below gfield--no-description field_description_below gfield_visibility_visible\"  data-js-reload=\"field_4_3\"><label class='gfield_label gform-field-label' for='input_4_3' >E-mail*<span class=\"gfield_required\"><span class=\"gfield_required gfield_required_text\">(erforderlich)<\/span><\/span><\/label><div class='ginput_container ginput_container_text'><input name='input_3' id='input_4_3' type='text' value='' class='large'    placeholder='z. B. name.nachname@mail.de' aria-required=\"true\" aria-invalid=\"false\"   \/> <\/div><\/div><div id=\"field_4_10\"  class=\"gfield gfield--type-fileupload gfield--width-full input-form-fieldset gfield_contains_required field_sublabel_below gfield--no-description field_description_below gfield_visibility_visible\"  data-js-reload=\"field_4_10\"><label class='gfield_label gform-field-label' for='input_4_10' >Lebenslauf hochladen*<span class=\"gfield_required\"><span class=\"gfield_required gfield_required_text\">(erforderlich)<\/span><\/span><\/label><div class='ginput_container ginput_container_fileupload'><input type='hidden' name='MAX_FILE_SIZE' value='2097152' \/><input name='input_10' id='input_4_10' type='file' class='large' aria-describedby=\"gfield_upload_rules_4_10\" onchange='javascript:gformValidateFileSize( this, 2097152 );'  \/><span class='gfield_description gform_fileupload_rules' id='gfield_upload_rules_4_10'>Akzeptierte Dateitypen: pdf, Max. Dateigr\u00f6\u00dfe: 2 MB.<\/span><div class='gfield_description validation_message gfield_validation_message validation_message--hidden-on-empty' id='live_validation_message_4_10'><\/div><\/div><\/div><div id=\"field_4_4\"  class=\"gfield gfield--type-text gfield--width-full input-form-fieldset gfield_contains_required field_sublabel_below gfield--no-description field_description_below gfield_visibility_hidden\"  data-js-reload=\"field_4_4\"><div class='admin-hidden-markup'><i class='gform-icon gform-icon--hidden'><\/i><span>Hidden<\/span><\/div><label class='gfield_label gform-field-label' for='input_4_4' >CV*<span class=\"gfield_required\"><span class=\"gfield_required gfield_required_text\">(erforderlich)<\/span><\/span><\/label><div class='ginput_container ginput_container_text'><input name='input_4' id='input_4_4' type='text' value='' class='large'    placeholder='Lebenslauf als PDF hochladen' aria-required=\"true\" aria-invalid=\"false\"   \/> <\/div><\/div><div id=\"field_4_6\"  class=\"gfield gfield--type-textarea input-form-fieldset field_sublabel_below gfield--no-description field_description_below gfield_visibility_visible\"  data-js-reload=\"field_4_6\"><label class='gfield_label gform-field-label' for='input_4_6' >Nachricht (optional)<\/label><div class='ginput_container ginput_container_textarea'><textarea name='input_6' id='input_4_6' class='textarea large'    placeholder='Geben Sie Ihre Nachricht ein'  aria-invalid=\"false\"   rows='10' cols='50'><\/textarea><\/div><\/div><fieldset id=\"field_4_7\"  class=\"gfield gfield--type-checkbox gfield--type-choice checkmark-field-set gfield_contains_required field_sublabel_below gfield--no-description field_description_below hidden_label gfield_visibility_visible\"  data-js-reload=\"field_4_7\"><legend class='gfield_label gform-field-label gfield_label_before_complex'  >checkbox<span class=\"gfield_required\"><span class=\"gfield_required gfield_required_text\">(erforderlich)<\/span><\/span><\/legend><div class='ginput_container ginput_container_checkbox'><div class='gfield_checkbox' id='input_4_7'><div class='gchoice gchoice_4_7_1'>\n\t\t\t\t\t\t\t\t<input class='gfield-choice-input' name='input_7.1' type='checkbox'  value='Ich habe die Datenschutzerkl\u00e4rung gelesen und stimme der Speicherung meiner Daten in Ihrem Archiv gem\u00e4\u00df der Europ\u00e4ischen Datenschutzgrundverordnung Nr. 679\/2016, DSGVO, zu\n'  id='choice_4_7_1'   \/>\n\t\t\t\t\t\t\t\t<label for='choice_4_7_1' id='label_4_7_1' class='gform-field-label gform-field-label--type-inline'>Ich habe die Datenschutzerkl\u00e4rung gelesen und stimme der Speicherung meiner Daten in Ihrem Archiv gem\u00e4\u00df der Europ\u00e4ischen Datenschutzgrundverordnung Nr. 679\/2016, DSGVO, zu\n<\/label>\n\t\t\t\t\t\t\t<\/div><\/div><\/div><\/fieldset><\/div><\/div>\n        <div class='gform_footer top_label'> <input type='submit' id='gform_submit_button_4' class='gform_button button' value='Sendet'  onclick='if(window[\"gf_submitting_4\"]){return false;}  if( !jQuery(\"#gform_4\")[0].checkValidity || jQuery(\"#gform_4\")[0].checkValidity()){window[\"gf_submitting_4\"]=true;}  ' onkeypress='if( event.keyCode == 13 ){ if(window[\"gf_submitting_4\"]){return false;} if( !jQuery(\"#gform_4\")[0].checkValidity || jQuery(\"#gform_4\")[0].checkValidity()){window[\"gf_submitting_4\"]=true;}  jQuery(\"#gform_4\").trigger(\"submit\",[true]); }' \/> \n            <input type='hidden' class='gform_hidden' name='is_submit_4' value='1' \/>\n            <input type='hidden' class='gform_hidden' name='gform_submit' value='4' \/>\n            \n            <input type='hidden' class='gform_hidden' name='gform_unique_id' value='' \/>\n            <input type='hidden' class='gform_hidden' name='state_4' value='WyJ7XCIxXCI6W1wiYTkxMTIwNzJmZTdmODhjNThhMjY4ZmVlZjBhZmFkNDFcIixcIjM4ZDIzODcyNWM3ZWQzODM0MmVmMzAxZTY2NTQ5MzBlXCIsXCJiNWE5ZTY2ZTdlNmE3YzZhNTJmNzJjMjU2OTk2OTFiZVwiLFwiZDRjMzRiOWVjMWRiYzAwNWQyMTJiYWEwY2Q2MDJlOWZcIl0sXCI3LjFcIjpcIjJlNzVkNDllYzc2YWJjMjRhYmZlMzRmMmNjMWU3NzY4XCJ9IiwiNTBlODY0NGI1YjRjYjczOWM5ZGIwM2ZlNmNkYzU2MjMiXQ==' \/>\n            <input type='hidden' class='gform_hidden' name='gform_target_page_number_4' id='gform_target_page_number_4' value='0' \/>\n            <input type='hidden' class='gform_hidden' name='gform_source_page_number_4' id='gform_source_page_number_4' value='1' \/>\n            <input type='hidden' name='gform_field_values' value='' \/>\n            \n        <\/div>\n                        <\/form>\n                        <\/div><script type=\"text\/javascript\">\n\/* <![CDATA[ *\/\n gform.initializeOnLoaded( function() {gformInitSpinner( 4, 'https:\/\/www.40-factory.com\/wp-content\/plugins\/gravityforms\/images\/spinner.svg', true );jQuery('#gform_ajax_frame_4').on('load',function(){var contents = jQuery(this).contents().find('*').html();var is_postback = contents.indexOf('GF_AJAX_POSTBACK') >= 0;if(!is_postback){return;}var form_content = jQuery(this).contents().find('#gform_wrapper_4');var is_confirmation = jQuery(this).contents().find('#gform_confirmation_wrapper_4').length > 0;var is_redirect = contents.indexOf('gformRedirect(){') >= 0;var is_form = form_content.length > 0 && ! is_redirect && ! is_confirmation;var mt = parseInt(jQuery('html').css('margin-top'), 10) + parseInt(jQuery('body').css('margin-top'), 10) + 100;if(is_form){jQuery('#gform_wrapper_4').html(form_content.html());if(form_content.hasClass('gform_validation_error')){jQuery('#gform_wrapper_4').addClass('gform_validation_error');} else {jQuery('#gform_wrapper_4').removeClass('gform_validation_error');}setTimeout( function() { \/* delay the scroll by 50 milliseconds to fix a bug in chrome *\/  }, 50 );if(window['gformInitDatepicker']) {gformInitDatepicker();}if(window['gformInitPriceFields']) {gformInitPriceFields();}var current_page = jQuery('#gform_source_page_number_4').val();gformInitSpinner( 4, 'https:\/\/www.40-factory.com\/wp-content\/plugins\/gravityforms\/images\/spinner.svg', true );jQuery(document).trigger('gform_page_loaded', [4, current_page]);window['gf_submitting_4'] = false;}else if(!is_redirect){var confirmation_content = jQuery(this).contents().find('.GF_AJAX_POSTBACK').html();if(!confirmation_content){confirmation_content = contents;}setTimeout(function(){jQuery('#gform_wrapper_4').replaceWith(confirmation_content);jQuery(document).trigger('gform_confirmation_loaded', [4]);window['gf_submitting_4'] = false;wp.a11y.speak(jQuery('#gform_confirmation_message_4').text());}, 50);}else{jQuery('#gform_4').append(contents);if(window['gformRedirect']) {gformRedirect();}}jQuery(document).trigger('gform_post_render', [4, current_page]);gform.utils.trigger({ event: 'gform\/postRender', native: false, data: { formId: 4, currentPage: current_page } });} );} ); \n\/* ]]> *\/\n<\/script>\n\n\n\t\t<\/div>\n\t\t\t\t\t<\/div>\n\n\t\n\n<\/div>\n\n\t\t<\/div>\n\n\t\t\n<style>\n#section_1658658976 {\n  padding-top: 0px;\n  padding-bottom: 0px;\n}\n<\/style>\n\t<\/section>\n\t\n\n","protected":false},"excerpt":{"rendered":"","protected":false},"author":1,"featured_media":0,"parent":0,"menu_order":0,"comment_status":"closed","ping_status":"closed","template":"","meta":{"footnotes":""},"class_list":["post-6571","page","type-page","status-publish","hentry"],"acf":[],"yoast_head":"<!-- This site is optimized with the Yoast SEO plugin v27.4 - https:\/\/yoast.com\/product\/yoast-seo-wordpress\/ -->\n<title>Arbeiten Sie mit uns - 40FACTORY<\/title>\n<meta name=\"robots\" content=\"index, follow, max-snippet:-1, max-image-preview:large, max-video-preview:-1\" \/>\n<link rel=\"canonical\" href=\"https:\/\/www.40-factory.com\/de\/arbeiten-sie-mit-uns\/\" \/>\n<meta property=\"og:locale\" content=\"de_DE\" \/>\n<meta property=\"og:type\" content=\"article\" \/>\n<meta property=\"og:title\" content=\"Arbeiten Sie mit uns - 40FACTORY\" \/>\n<meta property=\"og:url\" content=\"https:\/\/www.40-factory.com\/de\/arbeiten-sie-mit-uns\/\" \/>\n<meta property=\"og:site_name\" content=\"40FACTORY\" \/>\n<meta property=\"article:modified_time\" content=\"2024-05-11T13:01:05+00:00\" \/>\n<meta name=\"twitter:card\" content=\"summary_large_image\" \/>\n<meta name=\"twitter:label1\" content=\"Gesch\u00e4tzte Lesezeit\" \/>\n\t<meta name=\"twitter:data1\" content=\"1\u00a0Minute\" \/>\n<script type=\"application\/ld+json\" class=\"yoast-schema-graph\">{\"@context\":\"https:\\\/\\\/schema.org\",\"@graph\":[{\"@type\":\"WebPage\",\"@id\":\"https:\\\/\\\/www.40-factory.com\\\/de\\\/arbeiten-sie-mit-uns\\\/\",\"url\":\"https:\\\/\\\/www.40-factory.com\\\/de\\\/arbeiten-sie-mit-uns\\\/\",\"name\":\"Arbeiten Sie mit uns - 40FACTORY\",\"isPartOf\":{\"@id\":\"https:\\\/\\\/www.40-factory.com\\\/#website\"},\"datePublished\":\"2024-02-05T06:35:23+00:00\",\"dateModified\":\"2024-05-11T13:01:05+00:00\",\"breadcrumb\":{\"@id\":\"https:\\\/\\\/www.40-factory.com\\\/de\\\/arbeiten-sie-mit-uns\\\/#breadcrumb\"},\"inLanguage\":\"de\",\"potentialAction\":[{\"@type\":\"ReadAction\",\"target\":[\"https:\\\/\\\/www.40-factory.com\\\/de\\\/arbeiten-sie-mit-uns\\\/\"]}]},{\"@type\":\"BreadcrumbList\",\"@id\":\"https:\\\/\\\/www.40-factory.com\\\/de\\\/arbeiten-sie-mit-uns\\\/#breadcrumb\",\"itemListElement\":[{\"@type\":\"ListItem\",\"position\":1,\"name\":\"Home\",\"item\":\"https:\\\/\\\/www.40-factory.com\\\/de\\\/\"},{\"@type\":\"ListItem\",\"position\":2,\"name\":\"Arbeiten Sie mit uns\"}]},{\"@type\":\"WebSite\",\"@id\":\"https:\\\/\\\/www.40-factory.com\\\/#website\",\"url\":\"https:\\\/\\\/www.40-factory.com\\\/\",\"name\":\"40FACTORY\",\"description\":\"\",\"potentialAction\":[{\"@type\":\"SearchAction\",\"target\":{\"@type\":\"EntryPoint\",\"urlTemplate\":\"https:\\\/\\\/www.40-factory.com\\\/?s={search_term_string}\"},\"query-input\":{\"@type\":\"PropertyValueSpecification\",\"valueRequired\":true,\"valueName\":\"search_term_string\"}}],\"inLanguage\":\"de\"}]}<\/script>\n<!-- \/ Yoast SEO plugin. -->","yoast_head_json":{"title":"Arbeiten Sie mit uns - 40FACTORY","robots":{"index":"index","follow":"follow","max-snippet":"max-snippet:-1","max-image-preview":"max-image-preview:large","max-video-preview":"max-video-preview:-1"},"canonical":"https:\/\/www.40-factory.com\/de\/arbeiten-sie-mit-uns\/","og_locale":"de_DE","og_type":"article","og_title":"Arbeiten Sie mit uns - 40FACTORY","og_url":"https:\/\/www.40-factory.com\/de\/arbeiten-sie-mit-uns\/","og_site_name":"40FACTORY","article_modified_time":"2024-05-11T13:01:05+00:00","twitter_card":"summary_large_image","twitter_misc":{"Gesch\u00e4tzte Lesezeit":"1\u00a0Minute"},"schema":{"@context":"https:\/\/schema.org","@graph":[{"@type":"WebPage","@id":"https:\/\/www.40-factory.com\/de\/arbeiten-sie-mit-uns\/","url":"https:\/\/www.40-factory.com\/de\/arbeiten-sie-mit-uns\/","name":"Arbeiten Sie mit uns - 40FACTORY","isPartOf":{"@id":"https:\/\/www.40-factory.com\/#website"},"datePublished":"2024-02-05T06:35:23+00:00","dateModified":"2024-05-11T13:01:05+00:00","breadcrumb":{"@id":"https:\/\/www.40-factory.com\/de\/arbeiten-sie-mit-uns\/#breadcrumb"},"inLanguage":"de","potentialAction":[{"@type":"ReadAction","target":["https:\/\/www.40-factory.com\/de\/arbeiten-sie-mit-uns\/"]}]},{"@type":"BreadcrumbList","@id":"https:\/\/www.40-factory.com\/de\/arbeiten-sie-mit-uns\/#breadcrumb","itemListElement":[{"@type":"ListItem","position":1,"name":"Home","item":"https:\/\/www.40-factory.com\/de\/"},{"@type":"ListItem","position":2,"name":"Arbeiten Sie mit uns"}]},{"@type":"WebSite","@id":"https:\/\/www.40-factory.com\/#website","url":"https:\/\/www.40-factory.com\/","name":"40FACTORY","description":"","potentialAction":[{"@type":"SearchAction","target":{"@type":"EntryPoint","urlTemplate":"https:\/\/www.40-factory.com\/?s={search_term_string}"},"query-input":{"@type":"PropertyValueSpecification","valueRequired":true,"valueName":"search_term_string"}}],"inLanguage":"de"}]}},"_links":{"self":[{"href":"https:\/\/www.40-factory.com\/de\/wp-json\/wp\/v2\/pages\/6571","targetHints":{"allow":["GET"]}}],"collection":[{"href":"https:\/\/www.40-factory.com\/de\/wp-json\/wp\/v2\/pages"}],"about":[{"href":"https:\/\/www.40-factory.com\/de\/wp-json\/wp\/v2\/types\/page"}],"author":[{"embeddable":true,"href":"https:\/\/www.40-factory.com\/de\/wp-json\/wp\/v2\/users\/1"}],"replies":[{"embeddable":true,"href":"https:\/\/www.40-factory.com\/de\/wp-json\/wp\/v2\/comments?post=6571"}],"version-history":[{"count":4,"href":"https:\/\/www.40-factory.com\/de\/wp-json\/wp\/v2\/pages\/6571\/revisions"}],"predecessor-version":[{"id":7694,"href":"https:\/\/www.40-factory.com\/de\/wp-json\/wp\/v2\/pages\/6571\/revisions\/7694"}],"wp:attachment":[{"href":"https:\/\/www.40-factory.com\/de\/wp-json\/wp\/v2\/media?parent=6571"}],"curies":[{"name":"wp","href":"https:\/\/api.w.org\/{rel}","templated":true}]}}